{"id":3025,"date":"2019-04-18T13:06:39","date_gmt":"2019-04-18T11:06:39","guid":{"rendered":"https:\/\/www.aplikuj.pl\/cv\/wzory-cv\/wzor-cv-dla-nauczyciela\/"},"modified":"2026-02-22T23:22:13","modified_gmt":"2026-02-22T22:22:13","slug":"wzor-cv-dla-nauczyciela","status":"publish","type":"product","link":"https:\/\/www.aplikuj.pl\/cv\/wzory-cv\/wzor-cv-dla-nauczyciela\/","title":{"rendered":"Wz\u00f3r CV dla nauczyciela"},"content":{"rendered":"<div class=\"container\">\n<div class=\"page-title-title\">\n<h2>Kim jest nauczyciel?<\/h2>\n<\/div>\n<\/div>\n<ol>\n<li>\n<h3>Zadania i czynno\u015bci robocze.<\/h3>\n<p>Mo\u017cna si\u0119 spotka\u0107 z innymi nazwami tego zawodu: przedszkolanka, wychowawczyni. G\u0142\u00f3wnym celem tej profesji jest opieka i wychowanie ma\u0142ych dzieci w wieku dzieci\u0119cym. Do przedszkola przyjmuje si\u0119 dzieci w wieku od 3 do 5 lat. Wyposa\u017ca dzieci w now\u0105 wiedz\u0119 i umiej\u0119tno\u015bci. Uczy pracy dzieci w grupie, obcowania z innymi dzie\u0107mi. Bawi si\u0119 z dzie\u0107mi. Wymy\u015bla zabawy edukacyjne oraz integracyjne. Dzieci powinny poznawa\u0107 swoich r\u00f3wie\u015bnik\u00f3w, uczy\u0107 si\u0119 wsp\u00f3\u0142\u017cycia w \u015brodowisku spo\u0142ecznym. Opr\u00f3cz zabaw dzieci maj\u0105 swoje pierwsze zaj\u0119cia z j\u0119zyka angielskiego, zaj\u0119cia z rytmiki, ta\u0144ce, gimnastyka. Cz\u0119sto wychodz\u0105 ze swoimi opiekunkami na spacery, najcz\u0119\u015bciej do parku, gdzie mog\u0105 podziwia\u0107 przyrod\u0119. Na zaj\u0119ciach nauczyciele przedszkola przygotowuj\u0105 dla dzieci materia\u0142y plastyczne i pokazuj\u0105 dzieciom nowe techniki tworzenia. Dzieci wyklejaj\u0105 orgiami, maluj\u0105 farbami. Dzi\u0119ki takim zaj\u0119ciom rozwijaj\u0105 w sobie nowe umiej\u0119tno\u015bci i rozwijaj\u0105 swoj\u0105 wyobra\u017ani\u0119. Jest to bardzo wa\u017cne dla dziecka i dla jego przysz\u0142ego rozwoju. Nauczyciel nie musi wymy\u015bla\u0107 konspektu zaj\u0119\u0107, jest to zb\u0119dne. Oczywi\u015bcie przygotowuje jaki\u015b plan dnia, tygodnia, aby rodzice wiedzieli co si\u0119 dzieje z ich pociechami. Nauczyciel jest odpowiedzialny za grupk\u0119 dzieci od rana do popo\u0142udnia. Mo\u017ce wprowadza\u0107 pierwsze elementy czytania, pisania. W ten spos\u00f3b przygotowuje dzieci do nauki w szkole podstawowej. Nauczyciel maj\u0105c ma\u0142a grup\u0119 dzieci, mo\u017ce otoczy\u0107 opiek\u0105 indywidualnie ka\u017cde dziecko. Nauczyciel przedszkola pobudza ciekawo\u015b\u0107 podopiecznych i otwarto\u015b\u0107 wobec siebie i innych ludzi. Uczy tolerancji i szacunku do drugiego cz\u0142owieka. Jest odpowiedzialny za \u017cycie i zdrowie, i bezpiecze\u0144stwo powierzonych mu wychowank\u00f3w. Wsp\u00f3\u0142pracuje bezpo\u015brednio z rodzicami, opiekunami dziecka. Zdaje relacj\u0119 z jego post\u0119p\u00f3w, progres\u00f3w, regres\u00f3w. M\u00f3wi o jego problemach i konsultuje ka\u017cd\u0105 powa\u017cn\u0105 decyzj\u0119 z rodzicami czy opiekunami.<\/li>\n<li>\n<h3>\u015arodowisko pracy.<\/h3>\n<p>Miejscem pracy przedszkolanki jest budynek przedszkola, a dok\u0142adniej sala, w kt\u00f3rej odbywa zaj\u0119cia z dzie\u0107mi. Przedszkolanka mo\u017ce pracowa\u0107 w przedszkolu publicznym albo, lub, i w przedszkolu niepublicznym, przedszkolu integracyjnym, przedszkolu specjalnym. W salach zabaw bawi\u0105 si\u0119; uczestnicz\u0105 w zaj\u0119ciach technicznych, matematycznych, artystycznych, s\u0142uchaj\u0105 opowiada\u0144, spo\u017cywaj\u0105 posi\u0142ki, le\u017cakuj\u0105. W Sali gimnastycznej odbywaj\u0105 si\u0119 zaj\u0119cia z rytmiki, gimnastyki. Nauczyciel mo\u017ce organizowa\u0107 wyj\u015bcia do teatru lalek, ciekawych miejsc, kt\u00f3re zainteresuj\u0105 dzieci np. biblioteki, zak\u0142ady pracy, spacery po najbli\u017cszej okolicy. Nauczyciel wsp\u00f3\u0142pracuje z innymi przedszkolami, organizuj\u0105 dla siebie nawzajem wsp\u00f3lne przedstawienia, zabawy. . Specyfika pracy w klasach zmusza nauczyciela do pracy g\u0142osem, dosy\u0107 dono\u015bnym. Musi obja\u015bnia\u0107 uczniom ka\u017cda kwesti\u0119, zasady \u017cycia szkolnego. Odpowiada na liczne pytania dzieci, chodzi z dzie\u0107mi na wycieczki, aby urozmaici\u0107 lekcje szkolne. Zauwa\u017ca si\u0119, \u017ce w\u015br\u00f3d nauczycieli obserwuje si\u0119 cz\u0119ste zapadanie na przewlek\u0142e choroby narz\u0105du g\u0142osu. Du\u017cym utrapieniem w pracy jest ha\u0142as, gdy\u017c jest tam bardzo du\u017co, energicznych dzieci podczas przerw. Taki ha\u0142as mo\u017ce powodowa\u0107 b\u00f3le g\u0142owy i przyt\u0119pienie s\u0142uchu. Praca nauczyciela zmusza nauczyciela do ci\u0105g\u0142ej pracy z dzie\u0107mi. Jest to praca bardzo emocjonalna, poniewa\u017c sp\u0119dza bardzo d\u0142ugi okres czasu z dan\u0105 grupa dzieci.<\/li>\n<li>\n<h3>Wymagania psychologiczne, wymagania zdrowotne i fizyczne, warunki podj\u0119cia pracy w zawodzie.<\/h3>\n<p>Nauczyciel musi umie\u0107 nawi\u0105zywa\u0107 kontakty zar\u00f3wno z dzie\u0107mi, jak i z doros\u0142ymi. Na co dzie\u0144 przebywa z dzie\u0107mi. Jednak musi pozostawa\u0107 w ci\u0105g\u0142ym kontakcie z rodzicami lub opiekunami podopiecznych. Nauczyciel musi podej\u015b\u0107 do swojej pracy umiej\u0119tnie i z odpowiednim nastawieniem, tak aby przedszkole sta\u0142o si\u0119 miejscem przyjaznym dla dziecka. W ten spos\u00f3b dziecko przyzwyczaja si\u0119 i adaptuje do nowego \u015brodowiska. Dla ma\u0142ego dziecka jest to pocz\u0105tkowo trudne zadanie, dlatego przedszkolanka musi wprowadzi\u0107 dzieci w nowe, nieznane \u015brodowisko. Przedszkolanka powinna by\u0107 cierpliwa, opanowana, dok\u0142adna, musi posiada\u0107 umiej\u0119tno\u015bci rozwi\u0105zywania konflikt\u00f3w w\u015br\u00f3d dzieci, kt\u00f3re maja temperament. Powinna mie\u0107 zdolno\u015bci muzyczne, plastyczne oraz taneczne. Z wielkim zaanga\u017cowaniem powinna opowiada\u0107 dzieciom r\u00f3\u017cne historie oraz opiekowa\u0107 si\u0119 nimi. Nauczyciel musi si\u0119 wykazywa\u0107 doskona\u0142\u0105 pami\u0119ci\u0105, obiektywizmem oraz empati\u0105. Inteligencja i wrodzona m\u0105dro\u015b\u0107 \u017cyciowa nadaje kunsztu i pozycji nauczyciela. Staje si\u0119 wtedy swoistym autorytetem dla dzieci oraz dla rodzic\u00f3w. . Musi podejmowa\u0107 szybkie i trafne decyzje. Jest tak\u017ce w pewnym sensie mediatorem w trakcie jaki\u015b spor\u00f3w pomi\u0119dzy dzie\u0107mi. Umiej\u0119tno\u015b\u0107 palowania i organizowania tak\u017ce jest cech\u0105 po\u017c\u0105dan\u0105. Praca w zawodzie nauczyciela nauczania pocz\u0105tkowego zaliczana jest do lekkich prac. Oczywi\u015bcie wymaga wielkiego zaanga\u017cowania emocjonalnego i ogromnych pok\u0142ad\u00f3w energii. Jednak nauczyciel musi posiada\u0107 dobr\u0105 sprawno\u015b\u0107 fizyczn\u0105.<\/li>\n<li>\n<h3>Mo\u017cliwo\u015bci awansu w hierarchii zawodowej, mo\u017cliwo\u015bci podj\u0119cia pracy przez doros\u0142ych, polecana literatura, zawody pokrewne.<\/h3>\n<p>Wymaganiem do dostania awansu jest przede wszystkim odpowiednie wykszta\u0142cenie. Aby zosta\u0107 przedszkolna trzeba mie\u0107 uko\u0144czone studia pedagogiczne o specjalno\u015bci edukacja przedszkolna. Ten zaw\u00f3d mo\u017cna wykonywa\u0107 niezale\u017cnie od p\u0142ci, jednak preferowan\u0105 p\u0142ci\u0105 jest kobieta. Kobiety lepiej si\u0119 sprawdzaj\u0105 na takich stanowiskach, gdy\u017c maj\u0105 tzw. \u201einstynkt macierzy\u0144ski\u201d. Kobiety maj\u0105 lepsze predyspozycje do wykonywania tego zawodu. Nauczyciel przedszkola zaczyna od etapu nauczyciela sta\u017cysty, po roku mo\u017ce awansowa\u0107 na stanowisko nauczyciela kontraktowego. Nast\u0119pnie mo\u017ce zosta\u0107 nauczycielem mianowanym, a potem dyplomowanym. Awans jest uzale\u017cniony od tego czy nauczyciel zda\u0142 egzamin i czy cieszy si\u0119 dobr\u0105 opini\u0105 w\u015br\u00f3d pracownik\u00f3w oraz \u015brodowiska szkolnego. Taki nauczyciel mo\u017ce si\u0119 stara\u0107 o stanowisko dyrektora przedszkola, maj\u0105c ju\u017c pi\u0119cioletni sta\u017c pracy. Mo\u017ce zosta\u0107 doradca metodycznym wychowania przedszkolnego lub wizytatorem o\u015bwiaty.<\/li>\n<li>\n<h3>Mo\u017cliwo\u015bci zatrudnienia oraz zarobki.<\/h3>\n<p>Nauczyciel mo\u017ce si\u0119 stara\u0107 o prac\u0119 na paru stanowiskach, opr\u00f3cz swojego g\u0142\u00f3wnego: nauczyciel nauczania pocz\u0105tkowego, nauczyciel w plac\u00f3wkach pozaszkolnych, wizytator, doradca metodyczny wychowania przedszkolnego, logopeda, opiekun dziecka oraz wychowawca w o\u015brodkach o\u015bwiatowych. Jest to zaw\u00f3d bardzo sfeminizowany, dlatego w tej bran\u017cy trudniej jest znale\u017a\u0107 prac\u0119 m\u0119\u017cczy\u017anie. Wed\u0142ug statystyk jest wi\u0119ksza liczba os\u00f3b staraj\u0105ca si\u0119 o t\u0119 prac\u0119 ni\u017c stanowisk pracy. Jest to bardzo trudna sytuacja dla przysz\u0142ych pedagog\u00f3w przedszkolnych. \u015arednie zarobki wynosz\u0105 w granicach \u015bredniej krajowej. Trzeba zaznaczy\u0107, \u017ce wynagrodzenie jest uzale\u017cnione od stopnia awansu w hierarchii zawodowej oraz od liczby etat\u00f3w, zaj\u0119\u0107 dodatkowych przedszkolanki. Opr\u00f3cz pensji otrzymuje dodatek s\u0142u\u017cbowy, dodatek motywacyjny i dodatek za wychowawstwo. Wynagrodzenie w szko\u0142ach niepublicznych zdecydowanie jest wy\u017csze ni\u017c w plac\u00f3wkach publicznych.<\/li>\n<\/ol>\n","protected":false},"excerpt":{"rendered":"<p>&nbsp;<\/p>\n<h2>CV nauczyciel<\/h2>\n<p>Dokument zosta\u0142 opracowany z my\u015bl\u0105 o osobach, kt\u00f3re poszukuj\u0105 pracy w zawodzie nauczyciela.<\/p>\n<p>Wz\u00f3r CV przygotowano w nowoczesnym i funkcjonalnym szablonie graficznym widocznym na zdj\u0119ciu obok.<\/p>\n<p>Wz\u00f3r CV nale\u017cy samodzielnie edytowa\u0107 w programie MS Word, ewentualnie w innym darmowym programie (Open Office lub Libre Office). Edycja dokumentu jest prosta i nie wymaga szczeg\u00f3lnych umiej\u0119tno\u015bci edytorskich.<\/p>\n","protected":false},"featured_media":1411,"template":"","meta":[],"product_brand":[],"product_cat":[21],"product_tag":[],"class_list":{"0":"post-3025","1":"product","2":"type-product","3":"status-publish","4":"has-post-thumbnail","6":"product_cat-wzory-cv","8":"first","9":"instock","10":"product-type-external"},"yoast_head":"<!-- This site is optimized with the Yoast SEO plugin v27.0 - https:\/\/yoast.com\/product\/yoast-seo-wordpress\/ -->\n<title>Wz\u00f3r CV dla nauczyciela - Aplikuj.pl<\/title>\n<meta name=\"robots\" content=\"index, follow, max-snippet:-1, max-image-preview:large, max-video-preview:-1\" \/>\n<link rel=\"canonical\" href=\"https:\/\/www.aplikuj.pl\/cv\/wzory-cv\/wzor-cv-dla-nauczyciela\/\" \/>\n<meta property=\"og:locale\" content=\"pl_PL\" \/>\n<meta property=\"og:type\" content=\"article\" \/>\n<meta property=\"og:title\" content=\"Wz\u00f3r CV dla nauczyciela - Aplikuj.pl\" \/>\n<meta property=\"og:description\" content=\"&nbsp; CV nauczyciel Dokument zosta\u0142 opracowany z my\u015bl\u0105 o osobach, kt\u00f3re poszukuj\u0105 pracy w zawodzie nauczyciela.  Wz\u00f3r CV przygotowano w nowoczesnym i funkcjonalnym szablonie graficznym widocznym na zdj\u0119ciu obok.  Wz\u00f3r CV nale\u017cy samodzielnie edytowa\u0107 w programie MS Word, ewentualnie w innym darmowym programie (Open Office lub Libre Office). Edycja dokumentu jest prosta i nie wymaga szczeg\u00f3lnych umiej\u0119tno\u015bci edytorskich.\" \/>\n<meta property=\"og:url\" content=\"https:\/\/www.aplikuj.pl\/cv\/wzory-cv\/wzor-cv-dla-nauczyciela\/\" \/>\n<meta property=\"og:site_name\" content=\"Aplikuj.pl\" \/>\n<meta property=\"article:modified_time\" content=\"2026-02-22T22:22:13+00:00\" \/>\n<meta property=\"og:image\" content=\"https:\/\/www.aplikuj.pl\/cv\/wp-content\/uploads\/wz\u00f3r-cv-nauczyciel.png\" \/>\n\t<meta property=\"og:image:width\" content=\"482\" \/>\n\t<meta property=\"og:image:height\" content=\"680\" \/>\n\t<meta property=\"og:image:type\" content=\"image\/png\" \/>\n<meta name=\"twitter:card\" content=\"summary_large_image\" \/>\n<meta name=\"twitter:label1\" content=\"Szacowany czas czytania\" \/>\n\t<meta name=\"twitter:data1\" content=\"6 minut\" \/>\n<script type=\"application\/ld+json\" class=\"yoast-schema-graph\">{\"@context\":\"https:\/\/schema.org\",\"@graph\":[{\"@type\":\"WebPage\",\"@id\":\"https:\/\/www.aplikuj.pl\/cv\/wzory-cv\/wzor-cv-dla-nauczyciela\/\",\"url\":\"https:\/\/www.aplikuj.pl\/cv\/wzory-cv\/wzor-cv-dla-nauczyciela\/\",\"name\":\"Wz\u00f3r CV dla nauczyciela - Aplikuj.pl\",\"isPartOf\":{\"@id\":\"https:\/\/www.aplikuj.pl\/cv\/#website\"},\"primaryImageOfPage\":{\"@id\":\"https:\/\/www.aplikuj.pl\/cv\/wzory-cv\/wzor-cv-dla-nauczyciela\/#primaryimage\"},\"image\":{\"@id\":\"https:\/\/www.aplikuj.pl\/cv\/wzory-cv\/wzor-cv-dla-nauczyciela\/#primaryimage\"},\"thumbnailUrl\":\"https:\/\/www.aplikuj.pl\/cv\/wp-content\/uploads\/wz\u00f3r-cv-nauczyciel.png\",\"datePublished\":\"2019-04-18T11:06:39+00:00\",\"dateModified\":\"2026-02-22T22:22:13+00:00\",\"breadcrumb\":{\"@id\":\"https:\/\/www.aplikuj.pl\/cv\/wzory-cv\/wzor-cv-dla-nauczyciela\/#breadcrumb\"},\"inLanguage\":\"pl-PL\",\"potentialAction\":[{\"@type\":\"ReadAction\",\"target\":[\"https:\/\/www.aplikuj.pl\/cv\/wzory-cv\/wzor-cv-dla-nauczyciela\/\"]}]},{\"@type\":\"ImageObject\",\"inLanguage\":\"pl-PL\",\"@id\":\"https:\/\/www.aplikuj.pl\/cv\/wzory-cv\/wzor-cv-dla-nauczyciela\/#primaryimage\",\"url\":\"https:\/\/www.aplikuj.pl\/cv\/wp-content\/uploads\/wz\u00f3r-cv-nauczyciel.png\",\"contentUrl\":\"https:\/\/www.aplikuj.pl\/cv\/wp-content\/uploads\/wz\u00f3r-cv-nauczyciel.png\",\"width\":482,\"height\":680,\"caption\":\"wz\u00f3r cv nauczyciel\"},{\"@type\":\"BreadcrumbList\",\"@id\":\"https:\/\/www.aplikuj.pl\/cv\/wzory-cv\/wzor-cv-dla-nauczyciela\/#breadcrumb\",\"itemListElement\":[{\"@type\":\"ListItem\",\"position\":1,\"name\":\"Kreator CV\",\"item\":\"https:\/\/www.aplikuj.pl\/cv\/\"},{\"@type\":\"ListItem\",\"position\":2,\"name\":\"wzory-cv\",\"item\":\"https:\/\/www.aplikuj.pl\/cv\/wzory-cv\/\"},{\"@type\":\"ListItem\",\"position\":3,\"name\":\"Wzory CV\",\"item\":\"https:\/\/www.aplikuj.pl\/cv\/wzory-cv\/\"},{\"@type\":\"ListItem\",\"position\":4,\"name\":\"Wz\u00f3r CV dla nauczyciela\"}]},{\"@type\":\"WebSite\",\"@id\":\"https:\/\/www.aplikuj.pl\/cv\/#website\",\"url\":\"https:\/\/www.aplikuj.pl\/cv\/\",\"name\":\"Aplikuj.pl\",\"description\":\"Profesjonalne i darmowe wzory CV, list\u00f3w motywacyjnych i poda\u0144 o prac\u0119\",\"publisher\":{\"@id\":\"https:\/\/www.aplikuj.pl\/cv\/#organization\"},\"potentialAction\":[{\"@type\":\"SearchAction\",\"target\":{\"@type\":\"EntryPoint\",\"urlTemplate\":\"https:\/\/www.aplikuj.pl\/cv\/?s={search_term_string}\"},\"query-input\":{\"@type\":\"PropertyValueSpecification\",\"valueRequired\":true,\"valueName\":\"search_term_string\"}}],\"inLanguage\":\"pl-PL\"},{\"@type\":\"Organization\",\"@id\":\"https:\/\/www.aplikuj.pl\/cv\/#organization\",\"name\":\"Aplikuj.pl\",\"url\":\"https:\/\/www.aplikuj.pl\/cv\/\",\"logo\":{\"@type\":\"ImageObject\",\"inLanguage\":\"pl-PL\",\"@id\":\"https:\/\/www.aplikuj.pl\/cv\/#\/schema\/logo\/image\/\",\"url\":\"https:\/\/www.aplikuj.pl\/cv\/wp-content\/uploads\/2019\/04\/cv-wzory-aplikuj.jpg\",\"contentUrl\":\"https:\/\/www.aplikuj.pl\/cv\/wp-content\/uploads\/2019\/04\/cv-wzory-aplikuj.jpg\",\"width\":180,\"height\":180,\"caption\":\"Aplikuj.pl\"},\"image\":{\"@id\":\"https:\/\/www.aplikuj.pl\/cv\/#\/schema\/logo\/image\/\"}}]}<\/script>\n<!-- \/ Yoast SEO plugin. -->","yoast_head_json":{"title":"Wz\u00f3r CV dla nauczyciela - Aplikuj.pl","robots":{"index":"index","follow":"follow","max-snippet":"max-snippet:-1","max-image-preview":"max-image-preview:large","max-video-preview":"max-video-preview:-1"},"canonical":"https:\/\/www.aplikuj.pl\/cv\/wzory-cv\/wzor-cv-dla-nauczyciela\/","og_locale":"pl_PL","og_type":"article","og_title":"Wz\u00f3r CV dla nauczyciela - Aplikuj.pl","og_description":"&nbsp; CV nauczyciel Dokument zosta\u0142 opracowany z my\u015bl\u0105 o osobach, kt\u00f3re poszukuj\u0105 pracy w zawodzie nauczyciela.  Wz\u00f3r CV przygotowano w nowoczesnym i funkcjonalnym szablonie graficznym widocznym na zdj\u0119ciu obok.  Wz\u00f3r CV nale\u017cy samodzielnie edytowa\u0107 w programie MS Word, ewentualnie w innym darmowym programie (Open Office lub Libre Office). Edycja dokumentu jest prosta i nie wymaga szczeg\u00f3lnych umiej\u0119tno\u015bci edytorskich.","og_url":"https:\/\/www.aplikuj.pl\/cv\/wzory-cv\/wzor-cv-dla-nauczyciela\/","og_site_name":"Aplikuj.pl","article_modified_time":"2026-02-22T22:22:13+00:00","og_image":[{"width":482,"height":680,"url":"https:\/\/www.aplikuj.pl\/cv\/wp-content\/uploads\/wz\u00f3r-cv-nauczyciel.png","type":"image\/png"}],"twitter_card":"summary_large_image","twitter_misc":{"Szacowany czas czytania":"6 minut"},"schema":{"@context":"https:\/\/schema.org","@graph":[{"@type":"WebPage","@id":"https:\/\/www.aplikuj.pl\/cv\/wzory-cv\/wzor-cv-dla-nauczyciela\/","url":"https:\/\/www.aplikuj.pl\/cv\/wzory-cv\/wzor-cv-dla-nauczyciela\/","name":"Wz\u00f3r CV dla nauczyciela - Aplikuj.pl","isPartOf":{"@id":"https:\/\/www.aplikuj.pl\/cv\/#website"},"primaryImageOfPage":{"@id":"https:\/\/www.aplikuj.pl\/cv\/wzory-cv\/wzor-cv-dla-nauczyciela\/#primaryimage"},"image":{"@id":"https:\/\/www.aplikuj.pl\/cv\/wzory-cv\/wzor-cv-dla-nauczyciela\/#primaryimage"},"thumbnailUrl":"https:\/\/www.aplikuj.pl\/cv\/wp-content\/uploads\/wz\u00f3r-cv-nauczyciel.png","datePublished":"2019-04-18T11:06:39+00:00","dateModified":"2026-02-22T22:22:13+00:00","breadcrumb":{"@id":"https:\/\/www.aplikuj.pl\/cv\/wzory-cv\/wzor-cv-dla-nauczyciela\/#breadcrumb"},"inLanguage":"pl-PL","potentialAction":[{"@type":"ReadAction","target":["https:\/\/www.aplikuj.pl\/cv\/wzory-cv\/wzor-cv-dla-nauczyciela\/"]}]},{"@type":"ImageObject","inLanguage":"pl-PL","@id":"https:\/\/www.aplikuj.pl\/cv\/wzory-cv\/wzor-cv-dla-nauczyciela\/#primaryimage","url":"https:\/\/www.aplikuj.pl\/cv\/wp-content\/uploads\/wz\u00f3r-cv-nauczyciel.png","contentUrl":"https:\/\/www.aplikuj.pl\/cv\/wp-content\/uploads\/wz\u00f3r-cv-nauczyciel.png","width":482,"height":680,"caption":"wz\u00f3r cv nauczyciel"},{"@type":"BreadcrumbList","@id":"https:\/\/www.aplikuj.pl\/cv\/wzory-cv\/wzor-cv-dla-nauczyciela\/#breadcrumb","itemListElement":[{"@type":"ListItem","position":1,"name":"Kreator CV","item":"https:\/\/www.aplikuj.pl\/cv\/"},{"@type":"ListItem","position":2,"name":"wzory-cv","item":"https:\/\/www.aplikuj.pl\/cv\/wzory-cv\/"},{"@type":"ListItem","position":3,"name":"Wzory CV","item":"https:\/\/www.aplikuj.pl\/cv\/wzory-cv\/"},{"@type":"ListItem","position":4,"name":"Wz\u00f3r CV dla nauczyciela"}]},{"@type":"WebSite","@id":"https:\/\/www.aplikuj.pl\/cv\/#website","url":"https:\/\/www.aplikuj.pl\/cv\/","name":"Aplikuj.pl","description":"Profesjonalne i darmowe wzory CV, list\u00f3w motywacyjnych i poda\u0144 o prac\u0119","publisher":{"@id":"https:\/\/www.aplikuj.pl\/cv\/#organization"},"potentialAction":[{"@type":"SearchAction","target":{"@type":"EntryPoint","urlTemplate":"https:\/\/www.aplikuj.pl\/cv\/?s={search_term_string}"},"query-input":{"@type":"PropertyValueSpecification","valueRequired":true,"valueName":"search_term_string"}}],"inLanguage":"pl-PL"},{"@type":"Organization","@id":"https:\/\/www.aplikuj.pl\/cv\/#organization","name":"Aplikuj.pl","url":"https:\/\/www.aplikuj.pl\/cv\/","logo":{"@type":"ImageObject","inLanguage":"pl-PL","@id":"https:\/\/www.aplikuj.pl\/cv\/#\/schema\/logo\/image\/","url":"https:\/\/www.aplikuj.pl\/cv\/wp-content\/uploads\/2019\/04\/cv-wzory-aplikuj.jpg","contentUrl":"https:\/\/www.aplikuj.pl\/cv\/wp-content\/uploads\/2019\/04\/cv-wzory-aplikuj.jpg","width":180,"height":180,"caption":"Aplikuj.pl"},"image":{"@id":"https:\/\/www.aplikuj.pl\/cv\/#\/schema\/logo\/image\/"}}]}},"_links":{"self":[{"href":"https:\/\/www.aplikuj.pl\/cv\/wp-json\/wp\/v2\/product\/3025","targetHints":{"allow":["GET"]}}],"collection":[{"href":"https:\/\/www.aplikuj.pl\/cv\/wp-json\/wp\/v2\/product"}],"about":[{"href":"https:\/\/www.aplikuj.pl\/cv\/wp-json\/wp\/v2\/types\/product"}],"version-history":[{"count":2,"href":"https:\/\/www.aplikuj.pl\/cv\/wp-json\/wp\/v2\/product\/3025\/revisions"}],"predecessor-version":[{"id":4964,"href":"https:\/\/www.aplikuj.pl\/cv\/wp-json\/wp\/v2\/product\/3025\/revisions\/4964"}],"wp:featuredmedia":[{"embeddable":true,"href":"https:\/\/www.aplikuj.pl\/cv\/wp-json\/wp\/v2\/media\/1411"}],"wp:attachment":[{"href":"https:\/\/www.aplikuj.pl\/cv\/wp-json\/wp\/v2\/media?parent=3025"}],"wp:term":[{"taxonomy":"product_brand","embeddable":true,"href":"https:\/\/www.aplikuj.pl\/cv\/wp-json\/wp\/v2\/product_brand?post=3025"},{"taxonomy":"product_cat","embeddable":true,"href":"https:\/\/www.aplikuj.pl\/cv\/wp-json\/wp\/v2\/product_cat?post=3025"},{"taxonomy":"product_tag","embeddable":true,"href":"https:\/\/www.aplikuj.pl\/cv\/wp-json\/wp\/v2\/product_tag?post=3025"}],"curies":[{"name":"wp","href":"https:\/\/api.w.org\/{rel}","templated":true}]}}