{"id":3023,"date":"2019-04-18T13:06:39","date_gmt":"2019-04-18T11:06:39","guid":{"rendered":"https:\/\/www.aplikuj.pl\/cv\/wzory-cv\/wzor-cv-dla-pracownika-biurowego\/"},"modified":"2026-02-22T23:22:13","modified_gmt":"2026-02-22T22:22:13","slug":"wzor-cv-dla-pracownika-biurowego","status":"publish","type":"product","link":"https:\/\/www.aplikuj.pl\/cv\/wzory-cv\/wzor-cv-dla-pracownika-biurowego\/","title":{"rendered":"Wz\u00f3r CV dla pracownika biurowego"},"content":{"rendered":"<div class=\"container\">\n<div class=\"page-title-title\">\n<h2>Pracownik administracyjny \u2013 szczeg\u00f3\u0142owy opis zawodu<\/h2>\n<\/div>\n<\/div>\n<ol>\n<li>\n<h3>Zadania i czynno\u015bci robocze.<\/h3>\n<p>Mo\u017cna si\u0119 spotka\u0107 z innymi nazwami tego zawodu: referent administracyjno-biurowy, pracownik administracyjno- biurowy. Osoba b\u0119d\u0105ca na tym stanowisku jest odpowiedzialna za porz\u0105dek, organizacj\u0119 i przebieg pracy w biurze. Ponadto musi zachowa\u0107 porz\u0105dek w archiwum, gdzie mieszcz\u0105 si\u0119 wszystkie dokumenty. Nie mo\u017ce dopu\u015bci\u0107 do sytuacji, \u017ce jaki\u015b dokument si\u0119 zgubi albo b\u0119dzie trudno\u015b\u0107 ze znalezieniem danego dokumentu. Pracownik administracyjny kompletuje i uk\u0142ada plik dokument\u00f3w. Tworzy pewien system uporz\u0105dkowania rejestr\u00f3w, akt\u00f3w, um\u00f3w, rozlicze\u0144, rachunk\u00f3w, faktur itp. Dodatkowo pracownik przygotowuje wst\u0119py do pism urz\u0119dowych, kt\u00f3re nast\u0119pnie oddaje do podgl\u0105du prze\u0142o\u017conym. Wypisuje delegacje, kontaktuje si\u0119 z innymi przedsi\u0119biorstwami oraz organizuje napraw\u0119 sprz\u0119tu technicznego. Og\u00f3lnie rzecz ujmuj\u0105c pracownik administracyjny zajmuje si\u0119 logistyk\u0105 firmy, by sprawnie pracowa\u0142a bez \u017cadnych niepo\u017c\u0105danych usterek, kt\u00f3re by narazi\u0142y na gigantyczne straty firm\u0119. Pracownik administracyjny jest po\u015brednikiem pomi\u0119dzy szefostwem a pracownikami firmy. Jest pos\u0142a\u0144cem szefa do podw\u0142adnych. Wykonuje polecenia szefostwa. Przygotowuje dokumenty dotycz\u0105ce firmy, udziela r\u00f3\u017cnorakich informacji pracownikom oraz potencjalnym klientom firmy. Dodatkowo po\u015bredniczy w per trakcjach pomi\u0119dzy dzia\u0142ami. Na pracowniku administracyjnym spoczywa odpowiedzialno\u015b\u0107 organizowania narad, posiedze\u0144 rady, konferencji, szkole\u0144 pod k\u0105tem technicznej obs\u0142ugi. Musi zapewni\u0107 komfort podczas spotka\u0144(krzes\u0142a), sprz\u0119t elektroniczny(komputer, rzutnik, tablica interaktywna). Ka\u017cdy uczestnik szkolenia, spotkania powinien otrzyma\u0107 pewien pakiet materia\u0142\u00f3w szkoleniowych, za kt\u00f3re te\u017c jest odpowiedzialny pracownik ds. administracyjnych. Za\u0142atwienie cateringu r\u00f3wnie\u017c le\u017cy w obowi\u0105zkach referenta administracyjno-biurowego. W swojej pracy pracownik administracyjny wykorzystuje takie urz\u0105dzenia jak: telefon, komputer-laptop, fax, drukarka, kopiarka. Od pracownika wymaga si\u0119 znajomo\u015bci j\u0119zyk\u00f3w obcych.<\/li>\n<li>\n<h3>\u015arodowisko pracy.<\/h3>\n<p>Jako materialne \u015brodowisko pracy dla pracownika administracyjnego mo\u017cna traktowa\u0107 pomieszczenia i wyposa\u017cenie, kt\u00f3re ma pomaga\u0107 pracownikowi podczas wykonywanej pracy. Dla pracownika administracyjnego s\u0105 to pomieszczenia biurowe, sekretariat, a tak\u017ce sala konferencyjna. Taka forma pracy nie posiada wysokiego stopnia nara\u017cenia zdrowia lub \u017cycia. Jest to spokojna praca, w kt\u00f3rej \u017cadne obiekty czy charakter pracy nie narazi pracownika na utrat\u0119 zdrowia. Jednak warto zauwa\u017cy\u0107, \u017ce wielogodzinna praca przy komputerze, kserokopiarce, faksie, i innych urz\u0105dzeniach mo\u017ce wywo\u0142a\u0107 pewne schorzenia. Ponadto niew\u0142a\u015bciwa pozycja siedzenia, sztuczne o\u015bwietlenia mog\u0105 si\u0119 przyczyni\u0107 do schorze\u0144 narz\u0105du wzroku czy kr\u0119gos\u0142upa. Pracownik administracyjny powinien mie\u0107 rozwini\u0119te kompetencje mi\u0119kkie. Wsp\u00f3\u0142praca z innymi lud\u017ami jest bardzo wa\u017cnym elementem pracy. Kontaktuje si\u0119 z innymi pracownikami firmy, a przede wszystkim ze zwierzchnikami, kt\u00f3rych spe\u0142ni polecenia. Wsp\u00f3\u0142pracuje z pracownikami administracyjnymi innych firm, a tak\u017ce z klientami indywidualnymi. Pracownik administracyjny powinien utrzyma\u0107 sprawne tempo pracy. Jednak ci\u0105g\u0142e telefony, odg\u0142osy rozm\u00f3w mog\u0105 w tym przeszkadza\u0107, dlatego bardzo wa\u017cna jest umiej\u0119tno\u015b\u0107 koncentracji na danym zadaniu oraz skupienie si\u0119 na swojej pracy pomimo uci\u0105\u017cliwych czynnik\u00f3w zewn\u0119trznych. Zazwyczaj czas pracy wynosi osiem godzin. Jest to unormowana forma pracy. Zdarza si\u0119, \u017ce pracownik musi wzi\u0105\u0107 nadgodziny, kt\u00f3re s\u0105 normalnym zjawiskiem.<\/li>\n<li>\n<h3>Wymagania psychologiczne, wymagania fizyczne i zdrowotne, warunki podj\u0119cia pracy w zawodzie.<\/h3>\n<p>Kontakty mi\u0119dzyludzkie s\u0105 nieod\u0142\u0105cznym elementem tej pracy. Pracownik musi mie\u0107 wykszta\u0142cone kompetencje mi\u0119kkie. Powinien by\u0107 otwarty, komunikatywny oraz powinien z \u0142atwo\u015bci\u0105 odnale\u017a\u0107 si\u0119 w grupie, zespole pracownik\u00f3w. Poza tym pokora i respekt wobec swojego szefostwa, tak\u017ce jest wa\u017cn\u0105 cech\u0105 u pracownika. Umiej\u0119tno\u015bci organizatorskie, punktualno\u015b\u0107, dok\u0142adno\u015b\u0107, koncentracja, skrupulatno\u015b\u0107, panowanie nad w\u0142asnymi emocjami i odporno\u015b\u0107 na stres to obligatoryjne cechy, kt\u00f3re s\u0105 niezb\u0119dne do wykonywania tego zawodu. Warto wspomnie\u0107, \u017ce trzeba wykazywa\u0107 si\u0119 wysok\u0105 kultur\u0105 osobist\u0105, nienaganna postaw\u0105 i schludnym wygl\u0105dem, aby wzbudza\u0107 zaufanie i szacunek klient\u00f3w i os\u00f3b z zewn\u0105trz. Taka postawa wr\u00f3\u017cy dobr\u0105 przysz\u0142o\u015b\u0107 pracownika na tym stanowisku, gdy\u017c nie b\u0119dzie konfliktowy. Ten charakter pracy jest zaliczany lekkich. Wa\u017cne s\u0105 dobra sprawno\u015b\u0107 narz\u0105d\u00f3w wzroku i s\u0142uchu. Jedynymi przeciwskazaniami s\u0105 zaburzenia psychiczne. Wymaga si\u0119 przynamniej \u015bredniego wykszta\u0142cenia w tym zawodzie. Jednak na dzisiejszym rynku pracy, licz\u0105 si\u0119 coraz wy\u017csze kwalifikacje. Wykszta\u0142cenie akademickie, kursy, do\u015bwiadczenia i znajomo\u015b\u0107 j\u0119zyk\u00f3w jest mile widziana przez pracodawc\u00f3w. Niemniej wa\u017cne okazuje si\u0119 prawo jazdy, szczeg\u00f3lnie w ma\u0142ych firmach.<\/li>\n<li>\n<h3>Mo\u017cliwo\u015bci awansu w hierarchii zawodowej, mo\u017cliwo\u015b\u0107 podj\u0119cia pracy przez doros\u0142ych, zawody pokrewne, polecana literatura.<\/h3>\n<p>Mo\u017cliwo\u015bci awansu s\u0105 uwarunkowane od wielko\u015bci i zamo\u017cno\u015bci firmy, a tak\u017ce od poziomu wykszta\u0142cenia pracownika. Jako za awans mo\u017cna uzna\u0107 podniesienie kwoty miesi\u0119cznej pensji, obj\u0119cie nowego stanowiska albo przekazanie wi\u0119kszej liczby obowi\u0105zk\u00f3w. Jedynie w wi\u0119kszych firmach mo\u017ce doj\u0105\u0107 do sytuacji, gdy pracownik administracyjny przejmuje stanowisko dyrektora danego dzia\u0142u, czy kierownika dzia\u0142u. Posiadanie jedynie wykszta\u0142cenia \u015bredniego mocno ogranicza szanse uzyskania awansu. Pracodawcy poszukuj\u0105 pracownik\u00f3w bardzo dobrze wykszta\u0142conych, maj\u0105cych bogate do\u015bwiadczenie, wiedz\u0119, aparycj\u0119. Przy tych wymaganiach wykszta\u0142cenie \u015brednie niezbyt dobrze prezentuje si\u0119 na tle innych. Taka prac\u0119 mo\u017cna podj\u0105\u0107 w ka\u017cdym wieku, nie ma ogranicze\u0144 wiekowych. Jednak zauwa\u017ca si\u0119 tendencj\u0119 do obsadzania na tym stanowisku osoby m\u0142ode. Jest to spowodowane tym, \u017ce trzeba biegle obs\u0142ugiwa\u0107 komputer oraz sprz\u0119t audiowizualny. Zawodami pokrewnymi jest archiwista zak\u0142adowy, sekretarka, korespondent biurowy.<\/li>\n<li>\n<h3>Mo\u017cliwo\u015bci zatrudnienia oraz p\u0142ace.<\/h3>\n<p>Mo\u017cliwo\u015bci zatrudnienia pracownika administracyjnego z roku na rok malej\u0105. Nawet w wi\u0119kszych miastach szanse na uzyskanie tej pracy s\u0105 coraz mniejsze. Jest to spowodowane coraz mniejszym zapotrzebowaniem firm na takich pracownik\u00f3w. Zasadniczo wszystkie takie stanowiska s\u0105 ju\u017c obsadzone przez bardziej do\u015bwiadczone osoby z d\u0142ugim sta\u017cem pracy w danej firmie. Nie ulega w\u0105tpliwo\u015bci, \u017ce tego typu praca jest bardzo potrzebna dla rozwoju przedsi\u0119biorstwa i utrzymaniu porz\u0105dku w ksi\u0119gowo\u015bci i dokumentach firmy. Stanowiska administracyjne w sektorze pa\u0144stwowym i prywatnym s\u0105 ju\u017c zape\u0142nione. Istniej\u0105 mo\u017cliwo\u015bci zatrudnienia na tym stanowisku os\u00f3b niepe\u0142nosprawnych ruchowo. Jednak takie przypadki zatrudnienia s\u0105 rzadkie, gdy\u017c wymagana jest ogromna mobilno\u015b\u0107 od pracownika. Wynagrodzenia pracownik\u00f3w nie s\u0105 jednorodne. S\u0105 zale\u017cne od bud\u017cetu firmy i od wielko\u015bci firmy. Zr\u00f3\u017cnicowanie zarobk\u00f3w jest uzale\u017cnione od charakteru i bran\u017c zatrudniaj\u0105cych firm.<\/li>\n<\/ol>\n","protected":false},"excerpt":{"rendered":"<h2>CV pracownik biurowy<\/h2>\n<p>Dokument zosta\u0142 opracowany z my\u015bl\u0105 o osobach, kt\u00f3re poszukuj\u0105 pracy w zawodzie pracownika biurowego.<\/p>\n<p>Wz\u00f3r CV przygotowano w nowoczesnym i funkcjonalnym szablonie graficznym widocznym na zdj\u0119ciu obok.<\/p>\n<p>Wz\u00f3r CV nale\u017cy samodzielnie edytowa\u0107 w programie MS Word, ewentualnie w innym darmowym programie (Open Office lub Libre Office). Edycja dokumentu jest prosta i nie wymaga szczeg\u00f3lnych umiej\u0119tno\u015bci edytorskich.<\/p>\n","protected":false},"featured_media":1415,"template":"","meta":[],"product_brand":[],"product_cat":[21],"product_tag":[],"class_list":{"0":"post-3023","1":"product","2":"type-product","3":"status-publish","4":"has-post-thumbnail","6":"product_cat-wzory-cv","8":"first","9":"instock","10":"product-type-external"},"yoast_head":"<!-- This site is optimized with the Yoast SEO plugin v27.0 - https:\/\/yoast.com\/product\/yoast-seo-wordpress\/ -->\n<title>Wz\u00f3r CV dla pracownika biurowego - Aplikuj.pl<\/title>\n<meta name=\"robots\" content=\"index, follow, max-snippet:-1, max-image-preview:large, max-video-preview:-1\" \/>\n<link rel=\"canonical\" href=\"https:\/\/www.aplikuj.pl\/cv\/wzory-cv\/wzor-cv-dla-pracownika-biurowego\/\" \/>\n<meta property=\"og:locale\" content=\"pl_PL\" \/>\n<meta property=\"og:type\" content=\"article\" \/>\n<meta property=\"og:title\" content=\"Wz\u00f3r CV dla pracownika biurowego - Aplikuj.pl\" \/>\n<meta property=\"og:description\" content=\"CV pracownik biurowy Dokument zosta\u0142 opracowany z my\u015bl\u0105 o osobach, kt\u00f3re poszukuj\u0105 pracy w zawodzie pracownika biurowego.  Wz\u00f3r CV przygotowano w nowoczesnym i funkcjonalnym szablonie graficznym widocznym na zdj\u0119ciu obok.  Wz\u00f3r CV nale\u017cy samodzielnie edytowa\u0107 w programie MS Word, ewentualnie w innym darmowym programie (Open Office lub Libre Office). Edycja dokumentu jest prosta i nie wymaga szczeg\u00f3lnych umiej\u0119tno\u015bci edytorskich.\" \/>\n<meta property=\"og:url\" content=\"https:\/\/www.aplikuj.pl\/cv\/wzory-cv\/wzor-cv-dla-pracownika-biurowego\/\" \/>\n<meta property=\"og:site_name\" content=\"Aplikuj.pl\" \/>\n<meta property=\"article:modified_time\" content=\"2026-02-22T22:22:13+00:00\" \/>\n<meta property=\"og:image\" content=\"https:\/\/www.aplikuj.pl\/cv\/wp-content\/uploads\/wz\u00f3r-cv-pracownik-biurowy.png\" \/>\n\t<meta property=\"og:image:width\" content=\"482\" \/>\n\t<meta property=\"og:image:height\" content=\"680\" \/>\n\t<meta property=\"og:image:type\" content=\"image\/png\" \/>\n<meta name=\"twitter:card\" content=\"summary_large_image\" \/>\n<meta name=\"twitter:label1\" content=\"Szacowany czas czytania\" \/>\n\t<meta name=\"twitter:data1\" content=\"5 minut\" \/>\n<script type=\"application\/ld+json\" class=\"yoast-schema-graph\">{\"@context\":\"https:\/\/schema.org\",\"@graph\":[{\"@type\":\"WebPage\",\"@id\":\"https:\/\/www.aplikuj.pl\/cv\/wzory-cv\/wzor-cv-dla-pracownika-biurowego\/\",\"url\":\"https:\/\/www.aplikuj.pl\/cv\/wzory-cv\/wzor-cv-dla-pracownika-biurowego\/\",\"name\":\"Wz\u00f3r CV dla pracownika biurowego - Aplikuj.pl\",\"isPartOf\":{\"@id\":\"https:\/\/www.aplikuj.pl\/cv\/#website\"},\"primaryImageOfPage\":{\"@id\":\"https:\/\/www.aplikuj.pl\/cv\/wzory-cv\/wzor-cv-dla-pracownika-biurowego\/#primaryimage\"},\"image\":{\"@id\":\"https:\/\/www.aplikuj.pl\/cv\/wzory-cv\/wzor-cv-dla-pracownika-biurowego\/#primaryimage\"},\"thumbnailUrl\":\"https:\/\/www.aplikuj.pl\/cv\/wp-content\/uploads\/wz\u00f3r-cv-pracownik-biurowy.png\",\"datePublished\":\"2019-04-18T11:06:39+00:00\",\"dateModified\":\"2026-02-22T22:22:13+00:00\",\"breadcrumb\":{\"@id\":\"https:\/\/www.aplikuj.pl\/cv\/wzory-cv\/wzor-cv-dla-pracownika-biurowego\/#breadcrumb\"},\"inLanguage\":\"pl-PL\",\"potentialAction\":[{\"@type\":\"ReadAction\",\"target\":[\"https:\/\/www.aplikuj.pl\/cv\/wzory-cv\/wzor-cv-dla-pracownika-biurowego\/\"]}]},{\"@type\":\"ImageObject\",\"inLanguage\":\"pl-PL\",\"@id\":\"https:\/\/www.aplikuj.pl\/cv\/wzory-cv\/wzor-cv-dla-pracownika-biurowego\/#primaryimage\",\"url\":\"https:\/\/www.aplikuj.pl\/cv\/wp-content\/uploads\/wz\u00f3r-cv-pracownik-biurowy.png\",\"contentUrl\":\"https:\/\/www.aplikuj.pl\/cv\/wp-content\/uploads\/wz\u00f3r-cv-pracownik-biurowy.png\",\"width\":482,\"height\":680,\"caption\":\"wz\u00f3r cv pracownik biurowy\"},{\"@type\":\"BreadcrumbList\",\"@id\":\"https:\/\/www.aplikuj.pl\/cv\/wzory-cv\/wzor-cv-dla-pracownika-biurowego\/#breadcrumb\",\"itemListElement\":[{\"@type\":\"ListItem\",\"position\":1,\"name\":\"Kreator CV\",\"item\":\"https:\/\/www.aplikuj.pl\/cv\/\"},{\"@type\":\"ListItem\",\"position\":2,\"name\":\"wzory-cv\",\"item\":\"https:\/\/www.aplikuj.pl\/cv\/wzory-cv\/\"},{\"@type\":\"ListItem\",\"position\":3,\"name\":\"Wzory CV\",\"item\":\"https:\/\/www.aplikuj.pl\/cv\/wzory-cv\/\"},{\"@type\":\"ListItem\",\"position\":4,\"name\":\"Wz\u00f3r CV dla pracownika biurowego\"}]},{\"@type\":\"WebSite\",\"@id\":\"https:\/\/www.aplikuj.pl\/cv\/#website\",\"url\":\"https:\/\/www.aplikuj.pl\/cv\/\",\"name\":\"Aplikuj.pl\",\"description\":\"Profesjonalne i darmowe wzory CV, list\u00f3w motywacyjnych i poda\u0144 o prac\u0119\",\"publisher\":{\"@id\":\"https:\/\/www.aplikuj.pl\/cv\/#organization\"},\"potentialAction\":[{\"@type\":\"SearchAction\",\"target\":{\"@type\":\"EntryPoint\",\"urlTemplate\":\"https:\/\/www.aplikuj.pl\/cv\/?s={search_term_string}\"},\"query-input\":{\"@type\":\"PropertyValueSpecification\",\"valueRequired\":true,\"valueName\":\"search_term_string\"}}],\"inLanguage\":\"pl-PL\"},{\"@type\":\"Organization\",\"@id\":\"https:\/\/www.aplikuj.pl\/cv\/#organization\",\"name\":\"Aplikuj.pl\",\"url\":\"https:\/\/www.aplikuj.pl\/cv\/\",\"logo\":{\"@type\":\"ImageObject\",\"inLanguage\":\"pl-PL\",\"@id\":\"https:\/\/www.aplikuj.pl\/cv\/#\/schema\/logo\/image\/\",\"url\":\"https:\/\/www.aplikuj.pl\/cv\/wp-content\/uploads\/2019\/04\/cv-wzory-aplikuj.jpg\",\"contentUrl\":\"https:\/\/www.aplikuj.pl\/cv\/wp-content\/uploads\/2019\/04\/cv-wzory-aplikuj.jpg\",\"width\":180,\"height\":180,\"caption\":\"Aplikuj.pl\"},\"image\":{\"@id\":\"https:\/\/www.aplikuj.pl\/cv\/#\/schema\/logo\/image\/\"}}]}<\/script>\n<!-- \/ Yoast SEO plugin. -->","yoast_head_json":{"title":"Wz\u00f3r CV dla pracownika biurowego - Aplikuj.pl","robots":{"index":"index","follow":"follow","max-snippet":"max-snippet:-1","max-image-preview":"max-image-preview:large","max-video-preview":"max-video-preview:-1"},"canonical":"https:\/\/www.aplikuj.pl\/cv\/wzory-cv\/wzor-cv-dla-pracownika-biurowego\/","og_locale":"pl_PL","og_type":"article","og_title":"Wz\u00f3r CV dla pracownika biurowego - Aplikuj.pl","og_description":"CV pracownik biurowy Dokument zosta\u0142 opracowany z my\u015bl\u0105 o osobach, kt\u00f3re poszukuj\u0105 pracy w zawodzie pracownika biurowego.  Wz\u00f3r CV przygotowano w nowoczesnym i funkcjonalnym szablonie graficznym widocznym na zdj\u0119ciu obok.  Wz\u00f3r CV nale\u017cy samodzielnie edytowa\u0107 w programie MS Word, ewentualnie w innym darmowym programie (Open Office lub Libre Office). Edycja dokumentu jest prosta i nie wymaga szczeg\u00f3lnych umiej\u0119tno\u015bci edytorskich.","og_url":"https:\/\/www.aplikuj.pl\/cv\/wzory-cv\/wzor-cv-dla-pracownika-biurowego\/","og_site_name":"Aplikuj.pl","article_modified_time":"2026-02-22T22:22:13+00:00","og_image":[{"width":482,"height":680,"url":"https:\/\/www.aplikuj.pl\/cv\/wp-content\/uploads\/wz\u00f3r-cv-pracownik-biurowy.png","type":"image\/png"}],"twitter_card":"summary_large_image","twitter_misc":{"Szacowany czas czytania":"5 minut"},"schema":{"@context":"https:\/\/schema.org","@graph":[{"@type":"WebPage","@id":"https:\/\/www.aplikuj.pl\/cv\/wzory-cv\/wzor-cv-dla-pracownika-biurowego\/","url":"https:\/\/www.aplikuj.pl\/cv\/wzory-cv\/wzor-cv-dla-pracownika-biurowego\/","name":"Wz\u00f3r CV dla pracownika biurowego - Aplikuj.pl","isPartOf":{"@id":"https:\/\/www.aplikuj.pl\/cv\/#website"},"primaryImageOfPage":{"@id":"https:\/\/www.aplikuj.pl\/cv\/wzory-cv\/wzor-cv-dla-pracownika-biurowego\/#primaryimage"},"image":{"@id":"https:\/\/www.aplikuj.pl\/cv\/wzory-cv\/wzor-cv-dla-pracownika-biurowego\/#primaryimage"},"thumbnailUrl":"https:\/\/www.aplikuj.pl\/cv\/wp-content\/uploads\/wz\u00f3r-cv-pracownik-biurowy.png","datePublished":"2019-04-18T11:06:39+00:00","dateModified":"2026-02-22T22:22:13+00:00","breadcrumb":{"@id":"https:\/\/www.aplikuj.pl\/cv\/wzory-cv\/wzor-cv-dla-pracownika-biurowego\/#breadcrumb"},"inLanguage":"pl-PL","potentialAction":[{"@type":"ReadAction","target":["https:\/\/www.aplikuj.pl\/cv\/wzory-cv\/wzor-cv-dla-pracownika-biurowego\/"]}]},{"@type":"ImageObject","inLanguage":"pl-PL","@id":"https:\/\/www.aplikuj.pl\/cv\/wzory-cv\/wzor-cv-dla-pracownika-biurowego\/#primaryimage","url":"https:\/\/www.aplikuj.pl\/cv\/wp-content\/uploads\/wz\u00f3r-cv-pracownik-biurowy.png","contentUrl":"https:\/\/www.aplikuj.pl\/cv\/wp-content\/uploads\/wz\u00f3r-cv-pracownik-biurowy.png","width":482,"height":680,"caption":"wz\u00f3r cv pracownik biurowy"},{"@type":"BreadcrumbList","@id":"https:\/\/www.aplikuj.pl\/cv\/wzory-cv\/wzor-cv-dla-pracownika-biurowego\/#breadcrumb","itemListElement":[{"@type":"ListItem","position":1,"name":"Kreator CV","item":"https:\/\/www.aplikuj.pl\/cv\/"},{"@type":"ListItem","position":2,"name":"wzory-cv","item":"https:\/\/www.aplikuj.pl\/cv\/wzory-cv\/"},{"@type":"ListItem","position":3,"name":"Wzory CV","item":"https:\/\/www.aplikuj.pl\/cv\/wzory-cv\/"},{"@type":"ListItem","position":4,"name":"Wz\u00f3r CV dla pracownika biurowego"}]},{"@type":"WebSite","@id":"https:\/\/www.aplikuj.pl\/cv\/#website","url":"https:\/\/www.aplikuj.pl\/cv\/","name":"Aplikuj.pl","description":"Profesjonalne i darmowe wzory CV, list\u00f3w motywacyjnych i poda\u0144 o prac\u0119","publisher":{"@id":"https:\/\/www.aplikuj.pl\/cv\/#organization"},"potentialAction":[{"@type":"SearchAction","target":{"@type":"EntryPoint","urlTemplate":"https:\/\/www.aplikuj.pl\/cv\/?s={search_term_string}"},"query-input":{"@type":"PropertyValueSpecification","valueRequired":true,"valueName":"search_term_string"}}],"inLanguage":"pl-PL"},{"@type":"Organization","@id":"https:\/\/www.aplikuj.pl\/cv\/#organization","name":"Aplikuj.pl","url":"https:\/\/www.aplikuj.pl\/cv\/","logo":{"@type":"ImageObject","inLanguage":"pl-PL","@id":"https:\/\/www.aplikuj.pl\/cv\/#\/schema\/logo\/image\/","url":"https:\/\/www.aplikuj.pl\/cv\/wp-content\/uploads\/2019\/04\/cv-wzory-aplikuj.jpg","contentUrl":"https:\/\/www.aplikuj.pl\/cv\/wp-content\/uploads\/2019\/04\/cv-wzory-aplikuj.jpg","width":180,"height":180,"caption":"Aplikuj.pl"},"image":{"@id":"https:\/\/www.aplikuj.pl\/cv\/#\/schema\/logo\/image\/"}}]}},"_links":{"self":[{"href":"https:\/\/www.aplikuj.pl\/cv\/wp-json\/wp\/v2\/product\/3023","targetHints":{"allow":["GET"]}}],"collection":[{"href":"https:\/\/www.aplikuj.pl\/cv\/wp-json\/wp\/v2\/product"}],"about":[{"href":"https:\/\/www.aplikuj.pl\/cv\/wp-json\/wp\/v2\/types\/product"}],"version-history":[{"count":2,"href":"https:\/\/www.aplikuj.pl\/cv\/wp-json\/wp\/v2\/product\/3023\/revisions"}],"predecessor-version":[{"id":4962,"href":"https:\/\/www.aplikuj.pl\/cv\/wp-json\/wp\/v2\/product\/3023\/revisions\/4962"}],"wp:featuredmedia":[{"embeddable":true,"href":"https:\/\/www.aplikuj.pl\/cv\/wp-json\/wp\/v2\/media\/1415"}],"wp:attachment":[{"href":"https:\/\/www.aplikuj.pl\/cv\/wp-json\/wp\/v2\/media?parent=3023"}],"wp:term":[{"taxonomy":"product_brand","embeddable":true,"href":"https:\/\/www.aplikuj.pl\/cv\/wp-json\/wp\/v2\/product_brand?post=3023"},{"taxonomy":"product_cat","embeddable":true,"href":"https:\/\/www.aplikuj.pl\/cv\/wp-json\/wp\/v2\/product_cat?post=3023"},{"taxonomy":"product_tag","embeddable":true,"href":"https:\/\/www.aplikuj.pl\/cv\/wp-json\/wp\/v2\/product_tag?post=3023"}],"curies":[{"name":"wp","href":"https:\/\/api.w.org\/{rel}","templated":true}]}}