{"id":3005,"date":"2019-04-18T13:06:37","date_gmt":"2019-04-18T11:06:37","guid":{"rendered":"https:\/\/www.aplikuj.pl\/cv\/wzory-cv\/wzor-listu-motywacyjnego-dla-lekarza\/"},"modified":"2026-02-22T23:22:12","modified_gmt":"2026-02-22T22:22:12","slug":"wzor-listu-motywacyjnego-dla-lekarza","status":"publish","type":"product","link":"https:\/\/www.aplikuj.pl\/cv\/wzory-listow-motywacyjnych\/wzor-listu-motywacyjnego-dla-lekarza\/","title":{"rendered":"Wz\u00f3r listu motywacyjnego dla lekarza"},"content":{"rendered":"","protected":false},"excerpt":{"rendered":"<h2>List motywacyjny lekarz<\/h2>\n<p>Dokument zosta\u0142 opracowany z my\u015bl\u0105 o osobach, kt\u00f3re poszukuj\u0105 pracy w zawodzie lekarza.<\/p>\n<p>Wz\u00f3r listu motywacyjnego przygotowano w nowoczesnym i funkcjonalnym szablonie graficznym widocznym na zdj\u0119ciu obok.<\/p>\n<p>Wz\u00f3r listu motywacyjnego nale\u017cy samodzielnie edytowa\u0107 w programie MS Word, ewentualnie w innym darmowym programie (Open Office lub Libre Office). Edycja dokumentu jest prosta i nie wymaga szczeg\u00f3lnych umiej\u0119tno\u015bci edytorskich.<\/p>\n","protected":false},"featured_media":1388,"template":"","meta":[],"product_brand":[],"product_cat":[22],"product_tag":[],"class_list":{"0":"post-3005","1":"product","2":"type-product","3":"status-publish","4":"has-post-thumbnail","6":"product_cat-wzory-listow-motywacyjnych","8":"first","9":"instock","10":"product-type-external"},"yoast_head":"<!-- This site is optimized with the Yoast SEO plugin v27.0 - https:\/\/yoast.com\/product\/yoast-seo-wordpress\/ -->\n<title>Wz\u00f3r listu motywacyjnego dla lekarza - Aplikuj.pl<\/title>\n<meta name=\"robots\" content=\"index, follow, max-snippet:-1, max-image-preview:large, max-video-preview:-1\" \/>\n<link rel=\"canonical\" href=\"https:\/\/www.aplikuj.pl\/cv\/wzory-listow-motywacyjnych\/wzor-listu-motywacyjnego-dla-lekarza\/\" \/>\n<meta property=\"og:locale\" content=\"pl_PL\" \/>\n<meta property=\"og:type\" content=\"article\" \/>\n<meta property=\"og:title\" content=\"Wz\u00f3r listu motywacyjnego dla lekarza - Aplikuj.pl\" \/>\n<meta property=\"og:description\" content=\"List motywacyjny lekarz Dokument zosta\u0142 opracowany z my\u015bl\u0105 o osobach, kt\u00f3re poszukuj\u0105 pracy w zawodzie lekarza.  Wz\u00f3r listu motywacyjnego przygotowano w nowoczesnym i funkcjonalnym szablonie graficznym widocznym na zdj\u0119ciu obok.  Wz\u00f3r listu motywacyjnego nale\u017cy samodzielnie edytowa\u0107 w programie MS Word, ewentualnie w innym darmowym programie (Open Office lub Libre Office). Edycja dokumentu jest prosta i nie wymaga szczeg\u00f3lnych umiej\u0119tno\u015bci edytorskich.\" \/>\n<meta property=\"og:url\" content=\"https:\/\/www.aplikuj.pl\/cv\/wzory-listow-motywacyjnych\/wzor-listu-motywacyjnego-dla-lekarza\/\" \/>\n<meta property=\"og:site_name\" content=\"Aplikuj.pl\" \/>\n<meta property=\"article:modified_time\" content=\"2026-02-22T22:22:12+00:00\" \/>\n<meta property=\"og:image\" content=\"https:\/\/www.aplikuj.pl\/cv\/wp-content\/uploads\/wz\u00f3r-listu-motywacyjnego-lekarz.png\" \/>\n\t<meta property=\"og:image:width\" content=\"482\" \/>\n\t<meta property=\"og:image:height\" content=\"680\" \/>\n\t<meta property=\"og:image:type\" content=\"image\/png\" \/>\n<meta name=\"twitter:card\" content=\"summary_large_image\" \/>\n<script type=\"application\/ld+json\" class=\"yoast-schema-graph\">{\"@context\":\"https:\/\/schema.org\",\"@graph\":[{\"@type\":\"WebPage\",\"@id\":\"https:\/\/www.aplikuj.pl\/cv\/wzory-listow-motywacyjnych\/wzor-listu-motywacyjnego-dla-lekarza\/\",\"url\":\"https:\/\/www.aplikuj.pl\/cv\/wzory-listow-motywacyjnych\/wzor-listu-motywacyjnego-dla-lekarza\/\",\"name\":\"Wz\u00f3r listu motywacyjnego dla lekarza - Aplikuj.pl\",\"isPartOf\":{\"@id\":\"https:\/\/www.aplikuj.pl\/cv\/#website\"},\"primaryImageOfPage\":{\"@id\":\"https:\/\/www.aplikuj.pl\/cv\/wzory-listow-motywacyjnych\/wzor-listu-motywacyjnego-dla-lekarza\/#primaryimage\"},\"image\":{\"@id\":\"https:\/\/www.aplikuj.pl\/cv\/wzory-listow-motywacyjnych\/wzor-listu-motywacyjnego-dla-lekarza\/#primaryimage\"},\"thumbnailUrl\":\"https:\/\/www.aplikuj.pl\/cv\/wp-content\/uploads\/wz\u00f3r-listu-motywacyjnego-lekarz.png\",\"datePublished\":\"2019-04-18T11:06:37+00:00\",\"dateModified\":\"2026-02-22T22:22:12+00:00\",\"breadcrumb\":{\"@id\":\"https:\/\/www.aplikuj.pl\/cv\/wzory-listow-motywacyjnych\/wzor-listu-motywacyjnego-dla-lekarza\/#breadcrumb\"},\"inLanguage\":\"pl-PL\",\"potentialAction\":[{\"@type\":\"ReadAction\",\"target\":[\"https:\/\/www.aplikuj.pl\/cv\/wzory-listow-motywacyjnych\/wzor-listu-motywacyjnego-dla-lekarza\/\"]}]},{\"@type\":\"ImageObject\",\"inLanguage\":\"pl-PL\",\"@id\":\"https:\/\/www.aplikuj.pl\/cv\/wzory-listow-motywacyjnych\/wzor-listu-motywacyjnego-dla-lekarza\/#primaryimage\",\"url\":\"https:\/\/www.aplikuj.pl\/cv\/wp-content\/uploads\/wz\u00f3r-listu-motywacyjnego-lekarz.png\",\"contentUrl\":\"https:\/\/www.aplikuj.pl\/cv\/wp-content\/uploads\/wz\u00f3r-listu-motywacyjnego-lekarz.png\",\"width\":482,\"height\":680,\"caption\":\"wz\u00f3r listu motywacyjnego lekarz\"},{\"@type\":\"BreadcrumbList\",\"@id\":\"https:\/\/www.aplikuj.pl\/cv\/wzory-listow-motywacyjnych\/wzor-listu-motywacyjnego-dla-lekarza\/#breadcrumb\",\"itemListElement\":[{\"@type\":\"ListItem\",\"position\":1,\"name\":\"Kreator CV\",\"item\":\"https:\/\/www.aplikuj.pl\/cv\/\"},{\"@type\":\"ListItem\",\"position\":2,\"name\":\"wzory-cv\",\"item\":\"https:\/\/www.aplikuj.pl\/cv\/wzory-cv\/\"},{\"@type\":\"ListItem\",\"position\":3,\"name\":\"Wzory list\u00f3w motywacyjnych\",\"item\":\"https:\/\/www.aplikuj.pl\/cv\/wzory-listow-motywacyjnych\/\"},{\"@type\":\"ListItem\",\"position\":4,\"name\":\"Wz\u00f3r listu motywacyjnego dla lekarza\"}]},{\"@type\":\"WebSite\",\"@id\":\"https:\/\/www.aplikuj.pl\/cv\/#website\",\"url\":\"https:\/\/www.aplikuj.pl\/cv\/\",\"name\":\"Aplikuj.pl\",\"description\":\"Profesjonalne i darmowe wzory CV, list\u00f3w motywacyjnych i poda\u0144 o prac\u0119\",\"publisher\":{\"@id\":\"https:\/\/www.aplikuj.pl\/cv\/#organization\"},\"potentialAction\":[{\"@type\":\"SearchAction\",\"target\":{\"@type\":\"EntryPoint\",\"urlTemplate\":\"https:\/\/www.aplikuj.pl\/cv\/?s={search_term_string}\"},\"query-input\":{\"@type\":\"PropertyValueSpecification\",\"valueRequired\":true,\"valueName\":\"search_term_string\"}}],\"inLanguage\":\"pl-PL\"},{\"@type\":\"Organization\",\"@id\":\"https:\/\/www.aplikuj.pl\/cv\/#organization\",\"name\":\"Aplikuj.pl\",\"url\":\"https:\/\/www.aplikuj.pl\/cv\/\",\"logo\":{\"@type\":\"ImageObject\",\"inLanguage\":\"pl-PL\",\"@id\":\"https:\/\/www.aplikuj.pl\/cv\/#\/schema\/logo\/image\/\",\"url\":\"https:\/\/www.aplikuj.pl\/cv\/wp-content\/uploads\/2019\/04\/cv-wzory-aplikuj.jpg\",\"contentUrl\":\"https:\/\/www.aplikuj.pl\/cv\/wp-content\/uploads\/2019\/04\/cv-wzory-aplikuj.jpg\",\"width\":180,\"height\":180,\"caption\":\"Aplikuj.pl\"},\"image\":{\"@id\":\"https:\/\/www.aplikuj.pl\/cv\/#\/schema\/logo\/image\/\"}}]}<\/script>\n<!-- \/ Yoast SEO plugin. -->","yoast_head_json":{"title":"Wz\u00f3r listu motywacyjnego dla lekarza - Aplikuj.pl","robots":{"index":"index","follow":"follow","max-snippet":"max-snippet:-1","max-image-preview":"max-image-preview:large","max-video-preview":"max-video-preview:-1"},"canonical":"https:\/\/www.aplikuj.pl\/cv\/wzory-listow-motywacyjnych\/wzor-listu-motywacyjnego-dla-lekarza\/","og_locale":"pl_PL","og_type":"article","og_title":"Wz\u00f3r listu motywacyjnego dla lekarza - Aplikuj.pl","og_description":"List motywacyjny lekarz Dokument zosta\u0142 opracowany z my\u015bl\u0105 o osobach, kt\u00f3re poszukuj\u0105 pracy w zawodzie lekarza.  Wz\u00f3r listu motywacyjnego przygotowano w nowoczesnym i funkcjonalnym szablonie graficznym widocznym na zdj\u0119ciu obok.  Wz\u00f3r listu motywacyjnego nale\u017cy samodzielnie edytowa\u0107 w programie MS Word, ewentualnie w innym darmowym programie (Open Office lub Libre Office). Edycja dokumentu jest prosta i nie wymaga szczeg\u00f3lnych umiej\u0119tno\u015bci edytorskich.","og_url":"https:\/\/www.aplikuj.pl\/cv\/wzory-listow-motywacyjnych\/wzor-listu-motywacyjnego-dla-lekarza\/","og_site_name":"Aplikuj.pl","article_modified_time":"2026-02-22T22:22:12+00:00","og_image":[{"width":482,"height":680,"url":"https:\/\/www.aplikuj.pl\/cv\/wp-content\/uploads\/wz\u00f3r-listu-motywacyjnego-lekarz.png","type":"image\/png"}],"twitter_card":"summary_large_image","schema":{"@context":"https:\/\/schema.org","@graph":[{"@type":"WebPage","@id":"https:\/\/www.aplikuj.pl\/cv\/wzory-listow-motywacyjnych\/wzor-listu-motywacyjnego-dla-lekarza\/","url":"https:\/\/www.aplikuj.pl\/cv\/wzory-listow-motywacyjnych\/wzor-listu-motywacyjnego-dla-lekarza\/","name":"Wz\u00f3r listu motywacyjnego dla lekarza - Aplikuj.pl","isPartOf":{"@id":"https:\/\/www.aplikuj.pl\/cv\/#website"},"primaryImageOfPage":{"@id":"https:\/\/www.aplikuj.pl\/cv\/wzory-listow-motywacyjnych\/wzor-listu-motywacyjnego-dla-lekarza\/#primaryimage"},"image":{"@id":"https:\/\/www.aplikuj.pl\/cv\/wzory-listow-motywacyjnych\/wzor-listu-motywacyjnego-dla-lekarza\/#primaryimage"},"thumbnailUrl":"https:\/\/www.aplikuj.pl\/cv\/wp-content\/uploads\/wz\u00f3r-listu-motywacyjnego-lekarz.png","datePublished":"2019-04-18T11:06:37+00:00","dateModified":"2026-02-22T22:22:12+00:00","breadcrumb":{"@id":"https:\/\/www.aplikuj.pl\/cv\/wzory-listow-motywacyjnych\/wzor-listu-motywacyjnego-dla-lekarza\/#breadcrumb"},"inLanguage":"pl-PL","potentialAction":[{"@type":"ReadAction","target":["https:\/\/www.aplikuj.pl\/cv\/wzory-listow-motywacyjnych\/wzor-listu-motywacyjnego-dla-lekarza\/"]}]},{"@type":"ImageObject","inLanguage":"pl-PL","@id":"https:\/\/www.aplikuj.pl\/cv\/wzory-listow-motywacyjnych\/wzor-listu-motywacyjnego-dla-lekarza\/#primaryimage","url":"https:\/\/www.aplikuj.pl\/cv\/wp-content\/uploads\/wz\u00f3r-listu-motywacyjnego-lekarz.png","contentUrl":"https:\/\/www.aplikuj.pl\/cv\/wp-content\/uploads\/wz\u00f3r-listu-motywacyjnego-lekarz.png","width":482,"height":680,"caption":"wz\u00f3r listu motywacyjnego lekarz"},{"@type":"BreadcrumbList","@id":"https:\/\/www.aplikuj.pl\/cv\/wzory-listow-motywacyjnych\/wzor-listu-motywacyjnego-dla-lekarza\/#breadcrumb","itemListElement":[{"@type":"ListItem","position":1,"name":"Kreator CV","item":"https:\/\/www.aplikuj.pl\/cv\/"},{"@type":"ListItem","position":2,"name":"wzory-cv","item":"https:\/\/www.aplikuj.pl\/cv\/wzory-cv\/"},{"@type":"ListItem","position":3,"name":"Wzory list\u00f3w motywacyjnych","item":"https:\/\/www.aplikuj.pl\/cv\/wzory-listow-motywacyjnych\/"},{"@type":"ListItem","position":4,"name":"Wz\u00f3r listu motywacyjnego dla lekarza"}]},{"@type":"WebSite","@id":"https:\/\/www.aplikuj.pl\/cv\/#website","url":"https:\/\/www.aplikuj.pl\/cv\/","name":"Aplikuj.pl","description":"Profesjonalne i darmowe wzory CV, list\u00f3w motywacyjnych i poda\u0144 o prac\u0119","publisher":{"@id":"https:\/\/www.aplikuj.pl\/cv\/#organization"},"potentialAction":[{"@type":"SearchAction","target":{"@type":"EntryPoint","urlTemplate":"https:\/\/www.aplikuj.pl\/cv\/?s={search_term_string}"},"query-input":{"@type":"PropertyValueSpecification","valueRequired":true,"valueName":"search_term_string"}}],"inLanguage":"pl-PL"},{"@type":"Organization","@id":"https:\/\/www.aplikuj.pl\/cv\/#organization","name":"Aplikuj.pl","url":"https:\/\/www.aplikuj.pl\/cv\/","logo":{"@type":"ImageObject","inLanguage":"pl-PL","@id":"https:\/\/www.aplikuj.pl\/cv\/#\/schema\/logo\/image\/","url":"https:\/\/www.aplikuj.pl\/cv\/wp-content\/uploads\/2019\/04\/cv-wzory-aplikuj.jpg","contentUrl":"https:\/\/www.aplikuj.pl\/cv\/wp-content\/uploads\/2019\/04\/cv-wzory-aplikuj.jpg","width":180,"height":180,"caption":"Aplikuj.pl"},"image":{"@id":"https:\/\/www.aplikuj.pl\/cv\/#\/schema\/logo\/image\/"}}]}},"_links":{"self":[{"href":"https:\/\/www.aplikuj.pl\/cv\/wp-json\/wp\/v2\/product\/3005","targetHints":{"allow":["GET"]}}],"collection":[{"href":"https:\/\/www.aplikuj.pl\/cv\/wp-json\/wp\/v2\/product"}],"about":[{"href":"https:\/\/www.aplikuj.pl\/cv\/wp-json\/wp\/v2\/types\/product"}],"version-history":[{"count":2,"href":"https:\/\/www.aplikuj.pl\/cv\/wp-json\/wp\/v2\/product\/3005\/revisions"}],"predecessor-version":[{"id":4944,"href":"https:\/\/www.aplikuj.pl\/cv\/wp-json\/wp\/v2\/product\/3005\/revisions\/4944"}],"wp:featuredmedia":[{"embeddable":true,"href":"https:\/\/www.aplikuj.pl\/cv\/wp-json\/wp\/v2\/media\/1388"}],"wp:attachment":[{"href":"https:\/\/www.aplikuj.pl\/cv\/wp-json\/wp\/v2\/media?parent=3005"}],"wp:term":[{"taxonomy":"product_brand","embeddable":true,"href":"https:\/\/www.aplikuj.pl\/cv\/wp-json\/wp\/v2\/product_brand?post=3005"},{"taxonomy":"product_cat","embeddable":true,"href":"https:\/\/www.aplikuj.pl\/cv\/wp-json\/wp\/v2\/product_cat?post=3005"},{"taxonomy":"product_tag","embeddable":true,"href":"https:\/\/www.aplikuj.pl\/cv\/wp-json\/wp\/v2\/product_tag?post=3005"}],"curies":[{"name":"wp","href":"https:\/\/api.w.org\/{rel}","templated":true}]}}