{"id":2977,"date":"2019-04-18T13:06:35","date_gmt":"2019-04-18T11:06:35","guid":{"rendered":"https:\/\/www.aplikuj.pl\/cv\/wzory-cv\/wzor-zyciorysu-dla-ucznia\/"},"modified":"2026-02-22T23:22:10","modified_gmt":"2026-02-22T22:22:10","slug":"wzor-zyciorysu-dla-ucznia","status":"publish","type":"product","link":"https:\/\/www.aplikuj.pl\/cv\/wzory-zyciorysow\/wzor-zyciorysu-dla-ucznia\/","title":{"rendered":"Wz\u00f3r \u017cyciorysu dla ucznia"},"content":{"rendered":"","protected":false},"excerpt":{"rendered":"<h2>\u017byciorys dla ucznia<\/h2>\n<p>\u017byciorys jest to chronologiczny opis \u017cycia danej osoby od urodzenia do tera\u017aniejszo\u015bci. Opis ten musi zawiera\u0107 takie informacje jak dat\u0119 i miejsce urodzenia, opis najbli\u017cszej rodziny czyli rodzic\u00f3w oraz rodze\u0144stwa.<\/p>\n<p>Dodatkowo \u017cyciorys zawiera informacje o przebytych szko\u0142ach, wykszta\u0142ceniu oraz uzyskanych tytu\u0142ach. Warto r\u00f3wnie\u017c wspomnie\u0107 o aktualnie wykonywanej pracy oraz hobby i zainteresowaniach. Wz\u00f3r \u017cyciorysu dla ucznia zosta\u0142 przygotowany pod k\u0105tem os\u00f3b, kt\u00f3re ucz\u0119szczaj\u0105 do szko\u0142y i poszukuj\u0105 zwi\u0119z\u0142ego dokumentu.<\/p>\n","protected":false},"featured_media":1354,"template":"","meta":[],"product_brand":[],"product_cat":[24],"product_tag":[],"class_list":{"0":"post-2977","1":"product","2":"type-product","3":"status-publish","4":"has-post-thumbnail","6":"product_cat-wzory-zyciorysow","8":"first","9":"instock","10":"product-type-external"},"yoast_head":"<!-- This site is optimized with the Yoast SEO plugin v27.0 - https:\/\/yoast.com\/product\/yoast-seo-wordpress\/ -->\n<title>Wz\u00f3r \u017cyciorysu dla ucznia - Aplikuj.pl<\/title>\n<meta name=\"robots\" content=\"index, follow, max-snippet:-1, max-image-preview:large, max-video-preview:-1\" \/>\n<link rel=\"canonical\" href=\"https:\/\/www.aplikuj.pl\/cv\/wzory-zyciorysow\/wzor-zyciorysu-dla-ucznia\/\" \/>\n<meta property=\"og:locale\" content=\"pl_PL\" \/>\n<meta property=\"og:type\" content=\"article\" \/>\n<meta property=\"og:title\" content=\"Wz\u00f3r \u017cyciorysu dla ucznia - Aplikuj.pl\" \/>\n<meta property=\"og:description\" content=\"\u017byciorys dla ucznia \u017byciorys jest to chronologiczny opis \u017cycia danej osoby od urodzenia do tera\u017aniejszo\u015bci. Opis ten musi zawiera\u0107 takie informacje jak dat\u0119 i miejsce urodzenia, opis najbli\u017cszej rodziny czyli rodzic\u00f3w oraz rodze\u0144stwa.  Dodatkowo \u017cyciorys zawiera informacje o przebytych szko\u0142ach, wykszta\u0142ceniu oraz uzyskanych tytu\u0142ach. Warto r\u00f3wnie\u017c wspomnie\u0107 o aktualnie wykonywanej pracy oraz hobby i zainteresowaniach. Wz\u00f3r \u017cyciorysu dla ucznia zosta\u0142 przygotowany pod k\u0105tem os\u00f3b, kt\u00f3re ucz\u0119szczaj\u0105 do szko\u0142y i poszukuj\u0105 zwi\u0119z\u0142ego dokumentu.\" \/>\n<meta property=\"og:url\" content=\"https:\/\/www.aplikuj.pl\/cv\/wzory-zyciorysow\/wzor-zyciorysu-dla-ucznia\/\" \/>\n<meta property=\"og:site_name\" content=\"Aplikuj.pl\" \/>\n<meta property=\"article:modified_time\" content=\"2026-02-22T22:22:10+00:00\" \/>\n<meta property=\"og:image\" content=\"https:\/\/www.aplikuj.pl\/cv\/wp-content\/uploads\/wz\u00f3r-\u017cyciorysu-dla-ucznia.png\" \/>\n\t<meta property=\"og:image:width\" content=\"482\" \/>\n\t<meta property=\"og:image:height\" content=\"680\" \/>\n\t<meta property=\"og:image:type\" content=\"image\/png\" \/>\n<meta name=\"twitter:card\" content=\"summary_large_image\" \/>\n<script type=\"application\/ld+json\" class=\"yoast-schema-graph\">{\"@context\":\"https:\/\/schema.org\",\"@graph\":[{\"@type\":\"WebPage\",\"@id\":\"https:\/\/www.aplikuj.pl\/cv\/wzory-zyciorysow\/wzor-zyciorysu-dla-ucznia\/\",\"url\":\"https:\/\/www.aplikuj.pl\/cv\/wzory-zyciorysow\/wzor-zyciorysu-dla-ucznia\/\",\"name\":\"Wz\u00f3r \u017cyciorysu dla ucznia - Aplikuj.pl\",\"isPartOf\":{\"@id\":\"https:\/\/www.aplikuj.pl\/cv\/#website\"},\"primaryImageOfPage\":{\"@id\":\"https:\/\/www.aplikuj.pl\/cv\/wzory-zyciorysow\/wzor-zyciorysu-dla-ucznia\/#primaryimage\"},\"image\":{\"@id\":\"https:\/\/www.aplikuj.pl\/cv\/wzory-zyciorysow\/wzor-zyciorysu-dla-ucznia\/#primaryimage\"},\"thumbnailUrl\":\"https:\/\/www.aplikuj.pl\/cv\/wp-content\/uploads\/wz\u00f3r-\u017cyciorysu-dla-ucznia.png\",\"datePublished\":\"2019-04-18T11:06:35+00:00\",\"dateModified\":\"2026-02-22T22:22:10+00:00\",\"breadcrumb\":{\"@id\":\"https:\/\/www.aplikuj.pl\/cv\/wzory-zyciorysow\/wzor-zyciorysu-dla-ucznia\/#breadcrumb\"},\"inLanguage\":\"pl-PL\",\"potentialAction\":[{\"@type\":\"ReadAction\",\"target\":[\"https:\/\/www.aplikuj.pl\/cv\/wzory-zyciorysow\/wzor-zyciorysu-dla-ucznia\/\"]}]},{\"@type\":\"ImageObject\",\"inLanguage\":\"pl-PL\",\"@id\":\"https:\/\/www.aplikuj.pl\/cv\/wzory-zyciorysow\/wzor-zyciorysu-dla-ucznia\/#primaryimage\",\"url\":\"https:\/\/www.aplikuj.pl\/cv\/wp-content\/uploads\/wz\u00f3r-\u017cyciorysu-dla-ucznia.png\",\"contentUrl\":\"https:\/\/www.aplikuj.pl\/cv\/wp-content\/uploads\/wz\u00f3r-\u017cyciorysu-dla-ucznia.png\",\"width\":482,\"height\":680},{\"@type\":\"BreadcrumbList\",\"@id\":\"https:\/\/www.aplikuj.pl\/cv\/wzory-zyciorysow\/wzor-zyciorysu-dla-ucznia\/#breadcrumb\",\"itemListElement\":[{\"@type\":\"ListItem\",\"position\":1,\"name\":\"Kreator CV\",\"item\":\"https:\/\/www.aplikuj.pl\/cv\/\"},{\"@type\":\"ListItem\",\"position\":2,\"name\":\"wzory-cv\",\"item\":\"https:\/\/www.aplikuj.pl\/cv\/wzory-cv\/\"},{\"@type\":\"ListItem\",\"position\":3,\"name\":\"Wzory \u017cyciorys\u00f3w\",\"item\":\"https:\/\/www.aplikuj.pl\/cv\/wzory-zyciorysow\/\"},{\"@type\":\"ListItem\",\"position\":4,\"name\":\"Wz\u00f3r \u017cyciorysu dla ucznia\"}]},{\"@type\":\"WebSite\",\"@id\":\"https:\/\/www.aplikuj.pl\/cv\/#website\",\"url\":\"https:\/\/www.aplikuj.pl\/cv\/\",\"name\":\"Aplikuj.pl\",\"description\":\"Profesjonalne i darmowe wzory CV, list\u00f3w motywacyjnych i poda\u0144 o prac\u0119\",\"publisher\":{\"@id\":\"https:\/\/www.aplikuj.pl\/cv\/#organization\"},\"potentialAction\":[{\"@type\":\"SearchAction\",\"target\":{\"@type\":\"EntryPoint\",\"urlTemplate\":\"https:\/\/www.aplikuj.pl\/cv\/?s={search_term_string}\"},\"query-input\":{\"@type\":\"PropertyValueSpecification\",\"valueRequired\":true,\"valueName\":\"search_term_string\"}}],\"inLanguage\":\"pl-PL\"},{\"@type\":\"Organization\",\"@id\":\"https:\/\/www.aplikuj.pl\/cv\/#organization\",\"name\":\"Aplikuj.pl\",\"url\":\"https:\/\/www.aplikuj.pl\/cv\/\",\"logo\":{\"@type\":\"ImageObject\",\"inLanguage\":\"pl-PL\",\"@id\":\"https:\/\/www.aplikuj.pl\/cv\/#\/schema\/logo\/image\/\",\"url\":\"https:\/\/www.aplikuj.pl\/cv\/wp-content\/uploads\/2019\/04\/cv-wzory-aplikuj.jpg\",\"contentUrl\":\"https:\/\/www.aplikuj.pl\/cv\/wp-content\/uploads\/2019\/04\/cv-wzory-aplikuj.jpg\",\"width\":180,\"height\":180,\"caption\":\"Aplikuj.pl\"},\"image\":{\"@id\":\"https:\/\/www.aplikuj.pl\/cv\/#\/schema\/logo\/image\/\"}}]}<\/script>\n<!-- \/ Yoast SEO plugin. -->","yoast_head_json":{"title":"Wz\u00f3r \u017cyciorysu dla ucznia - Aplikuj.pl","robots":{"index":"index","follow":"follow","max-snippet":"max-snippet:-1","max-image-preview":"max-image-preview:large","max-video-preview":"max-video-preview:-1"},"canonical":"https:\/\/www.aplikuj.pl\/cv\/wzory-zyciorysow\/wzor-zyciorysu-dla-ucznia\/","og_locale":"pl_PL","og_type":"article","og_title":"Wz\u00f3r \u017cyciorysu dla ucznia - Aplikuj.pl","og_description":"\u017byciorys dla ucznia \u017byciorys jest to chronologiczny opis \u017cycia danej osoby od urodzenia do tera\u017aniejszo\u015bci. Opis ten musi zawiera\u0107 takie informacje jak dat\u0119 i miejsce urodzenia, opis najbli\u017cszej rodziny czyli rodzic\u00f3w oraz rodze\u0144stwa.  Dodatkowo \u017cyciorys zawiera informacje o przebytych szko\u0142ach, wykszta\u0142ceniu oraz uzyskanych tytu\u0142ach. Warto r\u00f3wnie\u017c wspomnie\u0107 o aktualnie wykonywanej pracy oraz hobby i zainteresowaniach. Wz\u00f3r \u017cyciorysu dla ucznia zosta\u0142 przygotowany pod k\u0105tem os\u00f3b, kt\u00f3re ucz\u0119szczaj\u0105 do szko\u0142y i poszukuj\u0105 zwi\u0119z\u0142ego dokumentu.","og_url":"https:\/\/www.aplikuj.pl\/cv\/wzory-zyciorysow\/wzor-zyciorysu-dla-ucznia\/","og_site_name":"Aplikuj.pl","article_modified_time":"2026-02-22T22:22:10+00:00","og_image":[{"width":482,"height":680,"url":"https:\/\/www.aplikuj.pl\/cv\/wp-content\/uploads\/wz\u00f3r-\u017cyciorysu-dla-ucznia.png","type":"image\/png"}],"twitter_card":"summary_large_image","schema":{"@context":"https:\/\/schema.org","@graph":[{"@type":"WebPage","@id":"https:\/\/www.aplikuj.pl\/cv\/wzory-zyciorysow\/wzor-zyciorysu-dla-ucznia\/","url":"https:\/\/www.aplikuj.pl\/cv\/wzory-zyciorysow\/wzor-zyciorysu-dla-ucznia\/","name":"Wz\u00f3r \u017cyciorysu dla ucznia - Aplikuj.pl","isPartOf":{"@id":"https:\/\/www.aplikuj.pl\/cv\/#website"},"primaryImageOfPage":{"@id":"https:\/\/www.aplikuj.pl\/cv\/wzory-zyciorysow\/wzor-zyciorysu-dla-ucznia\/#primaryimage"},"image":{"@id":"https:\/\/www.aplikuj.pl\/cv\/wzory-zyciorysow\/wzor-zyciorysu-dla-ucznia\/#primaryimage"},"thumbnailUrl":"https:\/\/www.aplikuj.pl\/cv\/wp-content\/uploads\/wz\u00f3r-\u017cyciorysu-dla-ucznia.png","datePublished":"2019-04-18T11:06:35+00:00","dateModified":"2026-02-22T22:22:10+00:00","breadcrumb":{"@id":"https:\/\/www.aplikuj.pl\/cv\/wzory-zyciorysow\/wzor-zyciorysu-dla-ucznia\/#breadcrumb"},"inLanguage":"pl-PL","potentialAction":[{"@type":"ReadAction","target":["https:\/\/www.aplikuj.pl\/cv\/wzory-zyciorysow\/wzor-zyciorysu-dla-ucznia\/"]}]},{"@type":"ImageObject","inLanguage":"pl-PL","@id":"https:\/\/www.aplikuj.pl\/cv\/wzory-zyciorysow\/wzor-zyciorysu-dla-ucznia\/#primaryimage","url":"https:\/\/www.aplikuj.pl\/cv\/wp-content\/uploads\/wz\u00f3r-\u017cyciorysu-dla-ucznia.png","contentUrl":"https:\/\/www.aplikuj.pl\/cv\/wp-content\/uploads\/wz\u00f3r-\u017cyciorysu-dla-ucznia.png","width":482,"height":680},{"@type":"BreadcrumbList","@id":"https:\/\/www.aplikuj.pl\/cv\/wzory-zyciorysow\/wzor-zyciorysu-dla-ucznia\/#breadcrumb","itemListElement":[{"@type":"ListItem","position":1,"name":"Kreator CV","item":"https:\/\/www.aplikuj.pl\/cv\/"},{"@type":"ListItem","position":2,"name":"wzory-cv","item":"https:\/\/www.aplikuj.pl\/cv\/wzory-cv\/"},{"@type":"ListItem","position":3,"name":"Wzory \u017cyciorys\u00f3w","item":"https:\/\/www.aplikuj.pl\/cv\/wzory-zyciorysow\/"},{"@type":"ListItem","position":4,"name":"Wz\u00f3r \u017cyciorysu dla ucznia"}]},{"@type":"WebSite","@id":"https:\/\/www.aplikuj.pl\/cv\/#website","url":"https:\/\/www.aplikuj.pl\/cv\/","name":"Aplikuj.pl","description":"Profesjonalne i darmowe wzory CV, list\u00f3w motywacyjnych i poda\u0144 o prac\u0119","publisher":{"@id":"https:\/\/www.aplikuj.pl\/cv\/#organization"},"potentialAction":[{"@type":"SearchAction","target":{"@type":"EntryPoint","urlTemplate":"https:\/\/www.aplikuj.pl\/cv\/?s={search_term_string}"},"query-input":{"@type":"PropertyValueSpecification","valueRequired":true,"valueName":"search_term_string"}}],"inLanguage":"pl-PL"},{"@type":"Organization","@id":"https:\/\/www.aplikuj.pl\/cv\/#organization","name":"Aplikuj.pl","url":"https:\/\/www.aplikuj.pl\/cv\/","logo":{"@type":"ImageObject","inLanguage":"pl-PL","@id":"https:\/\/www.aplikuj.pl\/cv\/#\/schema\/logo\/image\/","url":"https:\/\/www.aplikuj.pl\/cv\/wp-content\/uploads\/2019\/04\/cv-wzory-aplikuj.jpg","contentUrl":"https:\/\/www.aplikuj.pl\/cv\/wp-content\/uploads\/2019\/04\/cv-wzory-aplikuj.jpg","width":180,"height":180,"caption":"Aplikuj.pl"},"image":{"@id":"https:\/\/www.aplikuj.pl\/cv\/#\/schema\/logo\/image\/"}}]}},"_links":{"self":[{"href":"https:\/\/www.aplikuj.pl\/cv\/wp-json\/wp\/v2\/product\/2977","targetHints":{"allow":["GET"]}}],"collection":[{"href":"https:\/\/www.aplikuj.pl\/cv\/wp-json\/wp\/v2\/product"}],"about":[{"href":"https:\/\/www.aplikuj.pl\/cv\/wp-json\/wp\/v2\/types\/product"}],"version-history":[{"count":2,"href":"https:\/\/www.aplikuj.pl\/cv\/wp-json\/wp\/v2\/product\/2977\/revisions"}],"predecessor-version":[{"id":4916,"href":"https:\/\/www.aplikuj.pl\/cv\/wp-json\/wp\/v2\/product\/2977\/revisions\/4916"}],"wp:featuredmedia":[{"embeddable":true,"href":"https:\/\/www.aplikuj.pl\/cv\/wp-json\/wp\/v2\/media\/1354"}],"wp:attachment":[{"href":"https:\/\/www.aplikuj.pl\/cv\/wp-json\/wp\/v2\/media?parent=2977"}],"wp:term":[{"taxonomy":"product_brand","embeddable":true,"href":"https:\/\/www.aplikuj.pl\/cv\/wp-json\/wp\/v2\/product_brand?post=2977"},{"taxonomy":"product_cat","embeddable":true,"href":"https:\/\/www.aplikuj.pl\/cv\/wp-json\/wp\/v2\/product_cat?post=2977"},{"taxonomy":"product_tag","embeddable":true,"href":"https:\/\/www.aplikuj.pl\/cv\/wp-json\/wp\/v2\/product_tag?post=2977"}],"curies":[{"name":"wp","href":"https:\/\/api.w.org\/{rel}","templated":true}]}}