{"id":2972,"date":"2019-04-18T13:06:33","date_gmt":"2019-04-18T11:06:33","guid":{"rendered":"https:\/\/www.aplikuj.pl\/cv\/wzory-cv\/wzor-zyciorysu-dla-absolwenta\/"},"modified":"2026-02-22T23:22:10","modified_gmt":"2026-02-22T22:22:10","slug":"wzor-zyciorysu-dla-absolwenta","status":"publish","type":"product","link":"https:\/\/www.aplikuj.pl\/cv\/wzory-zyciorysow\/wzor-zyciorysu-dla-absolwenta\/","title":{"rendered":"Wz\u00f3r \u017cyciorysu dla absolwenta"},"content":{"rendered":"","protected":false},"excerpt":{"rendered":"<h2>\u017byciorys dla absolwenta<\/h2>\n<p>\u017byciorys jest to opisowy skr\u00f3t \u017cycia danej osoby. Jest to co\u015b pomi\u0119dzy CV a biografi\u0105. Jest to streszczenie \u017cycia od urodzin do dnia dzisiejszego. W \u017cyciorysie k\u0142adzie si\u0119 mniejszy nacisk na do\u015bwiadczenie zawodowe oraz umiej\u0119tno\u015bci.<\/p>\n<p>Opisuje si\u0119 fakty z \u017cycia wraz datami. W dokumencie musz\u0105 si\u0119 znale\u017a\u0107 informacje o dacie i miejscu urodzenia, rodzinie, wykszta\u0142ceniu, pracy oraz planach na przysz\u0142o\u015b\u0107 i posiadanych cechach szczeg\u00f3lnych. Wz\u00f3r \u017cyciorysu dla absolwenta przygotowano dla os\u00f3b, kt\u00f3re uko\u0144czy\u0142y kszta\u0142cenie na szkole wy\u017cszej.<\/p>\n","protected":false},"featured_media":1346,"template":"","meta":[],"product_brand":[],"product_cat":[24],"product_tag":[],"class_list":{"0":"post-2972","1":"product","2":"type-product","3":"status-publish","4":"has-post-thumbnail","6":"product_cat-wzory-zyciorysow","8":"first","9":"instock","10":"product-type-external"},"yoast_head":"<!-- This site is optimized with the Yoast SEO plugin v27.0 - https:\/\/yoast.com\/product\/yoast-seo-wordpress\/ -->\n<title>Wz\u00f3r \u017cyciorysu dla absolwenta - Aplikuj.pl<\/title>\n<meta name=\"robots\" content=\"index, follow, max-snippet:-1, max-image-preview:large, max-video-preview:-1\" \/>\n<link rel=\"canonical\" href=\"https:\/\/www.aplikuj.pl\/cv\/wzory-zyciorysow\/wzor-zyciorysu-dla-absolwenta\/\" \/>\n<meta property=\"og:locale\" content=\"pl_PL\" \/>\n<meta property=\"og:type\" content=\"article\" \/>\n<meta property=\"og:title\" content=\"Wz\u00f3r \u017cyciorysu dla absolwenta - Aplikuj.pl\" \/>\n<meta property=\"og:description\" content=\"\u017byciorys dla absolwenta \u017byciorys jest to opisowy skr\u00f3t \u017cycia danej osoby. Jest to co\u015b pomi\u0119dzy CV a biografi\u0105. Jest to streszczenie \u017cycia od urodzin do dnia dzisiejszego. W \u017cyciorysie k\u0142adzie si\u0119 mniejszy nacisk na do\u015bwiadczenie zawodowe oraz umiej\u0119tno\u015bci.  Opisuje si\u0119 fakty z \u017cycia wraz datami. W dokumencie musz\u0105 si\u0119 znale\u017a\u0107 informacje o dacie i miejscu urodzenia, rodzinie, wykszta\u0142ceniu, pracy oraz planach na przysz\u0142o\u015b\u0107 i posiadanych cechach szczeg\u00f3lnych. Wz\u00f3r \u017cyciorysu dla absolwenta przygotowano dla os\u00f3b, kt\u00f3re uko\u0144czy\u0142y kszta\u0142cenie na szkole wy\u017cszej.\" \/>\n<meta property=\"og:url\" content=\"https:\/\/www.aplikuj.pl\/cv\/wzory-zyciorysow\/wzor-zyciorysu-dla-absolwenta\/\" \/>\n<meta property=\"og:site_name\" content=\"Aplikuj.pl\" \/>\n<meta property=\"article:modified_time\" content=\"2026-02-22T22:22:10+00:00\" \/>\n<meta property=\"og:image\" content=\"https:\/\/www.aplikuj.pl\/cv\/wp-content\/uploads\/wz\u00f3r-\u017cyciorysu-dla-absolwenta.png\" \/>\n\t<meta property=\"og:image:width\" content=\"482\" \/>\n\t<meta property=\"og:image:height\" content=\"680\" \/>\n\t<meta property=\"og:image:type\" content=\"image\/png\" \/>\n<meta name=\"twitter:card\" content=\"summary_large_image\" \/>\n<script type=\"application\/ld+json\" class=\"yoast-schema-graph\">{\"@context\":\"https:\/\/schema.org\",\"@graph\":[{\"@type\":\"WebPage\",\"@id\":\"https:\/\/www.aplikuj.pl\/cv\/wzory-zyciorysow\/wzor-zyciorysu-dla-absolwenta\/\",\"url\":\"https:\/\/www.aplikuj.pl\/cv\/wzory-zyciorysow\/wzor-zyciorysu-dla-absolwenta\/\",\"name\":\"Wz\u00f3r \u017cyciorysu dla absolwenta - Aplikuj.pl\",\"isPartOf\":{\"@id\":\"https:\/\/www.aplikuj.pl\/cv\/#website\"},\"primaryImageOfPage\":{\"@id\":\"https:\/\/www.aplikuj.pl\/cv\/wzory-zyciorysow\/wzor-zyciorysu-dla-absolwenta\/#primaryimage\"},\"image\":{\"@id\":\"https:\/\/www.aplikuj.pl\/cv\/wzory-zyciorysow\/wzor-zyciorysu-dla-absolwenta\/#primaryimage\"},\"thumbnailUrl\":\"https:\/\/www.aplikuj.pl\/cv\/wp-content\/uploads\/wz\u00f3r-\u017cyciorysu-dla-absolwenta.png\",\"datePublished\":\"2019-04-18T11:06:33+00:00\",\"dateModified\":\"2026-02-22T22:22:10+00:00\",\"breadcrumb\":{\"@id\":\"https:\/\/www.aplikuj.pl\/cv\/wzory-zyciorysow\/wzor-zyciorysu-dla-absolwenta\/#breadcrumb\"},\"inLanguage\":\"pl-PL\",\"potentialAction\":[{\"@type\":\"ReadAction\",\"target\":[\"https:\/\/www.aplikuj.pl\/cv\/wzory-zyciorysow\/wzor-zyciorysu-dla-absolwenta\/\"]}]},{\"@type\":\"ImageObject\",\"inLanguage\":\"pl-PL\",\"@id\":\"https:\/\/www.aplikuj.pl\/cv\/wzory-zyciorysow\/wzor-zyciorysu-dla-absolwenta\/#primaryimage\",\"url\":\"https:\/\/www.aplikuj.pl\/cv\/wp-content\/uploads\/wz\u00f3r-\u017cyciorysu-dla-absolwenta.png\",\"contentUrl\":\"https:\/\/www.aplikuj.pl\/cv\/wp-content\/uploads\/wz\u00f3r-\u017cyciorysu-dla-absolwenta.png\",\"width\":482,\"height\":680},{\"@type\":\"BreadcrumbList\",\"@id\":\"https:\/\/www.aplikuj.pl\/cv\/wzory-zyciorysow\/wzor-zyciorysu-dla-absolwenta\/#breadcrumb\",\"itemListElement\":[{\"@type\":\"ListItem\",\"position\":1,\"name\":\"Kreator CV\",\"item\":\"https:\/\/www.aplikuj.pl\/cv\/\"},{\"@type\":\"ListItem\",\"position\":2,\"name\":\"wzory-cv\",\"item\":\"https:\/\/www.aplikuj.pl\/cv\/wzory-cv\/\"},{\"@type\":\"ListItem\",\"position\":3,\"name\":\"Wzory \u017cyciorys\u00f3w\",\"item\":\"https:\/\/www.aplikuj.pl\/cv\/wzory-zyciorysow\/\"},{\"@type\":\"ListItem\",\"position\":4,\"name\":\"Wz\u00f3r \u017cyciorysu dla absolwenta\"}]},{\"@type\":\"WebSite\",\"@id\":\"https:\/\/www.aplikuj.pl\/cv\/#website\",\"url\":\"https:\/\/www.aplikuj.pl\/cv\/\",\"name\":\"Aplikuj.pl\",\"description\":\"Profesjonalne i darmowe wzory CV, list\u00f3w motywacyjnych i poda\u0144 o prac\u0119\",\"publisher\":{\"@id\":\"https:\/\/www.aplikuj.pl\/cv\/#organization\"},\"potentialAction\":[{\"@type\":\"SearchAction\",\"target\":{\"@type\":\"EntryPoint\",\"urlTemplate\":\"https:\/\/www.aplikuj.pl\/cv\/?s={search_term_string}\"},\"query-input\":{\"@type\":\"PropertyValueSpecification\",\"valueRequired\":true,\"valueName\":\"search_term_string\"}}],\"inLanguage\":\"pl-PL\"},{\"@type\":\"Organization\",\"@id\":\"https:\/\/www.aplikuj.pl\/cv\/#organization\",\"name\":\"Aplikuj.pl\",\"url\":\"https:\/\/www.aplikuj.pl\/cv\/\",\"logo\":{\"@type\":\"ImageObject\",\"inLanguage\":\"pl-PL\",\"@id\":\"https:\/\/www.aplikuj.pl\/cv\/#\/schema\/logo\/image\/\",\"url\":\"https:\/\/www.aplikuj.pl\/cv\/wp-content\/uploads\/2019\/04\/cv-wzory-aplikuj.jpg\",\"contentUrl\":\"https:\/\/www.aplikuj.pl\/cv\/wp-content\/uploads\/2019\/04\/cv-wzory-aplikuj.jpg\",\"width\":180,\"height\":180,\"caption\":\"Aplikuj.pl\"},\"image\":{\"@id\":\"https:\/\/www.aplikuj.pl\/cv\/#\/schema\/logo\/image\/\"}}]}<\/script>\n<!-- \/ Yoast SEO plugin. -->","yoast_head_json":{"title":"Wz\u00f3r \u017cyciorysu dla absolwenta - Aplikuj.pl","robots":{"index":"index","follow":"follow","max-snippet":"max-snippet:-1","max-image-preview":"max-image-preview:large","max-video-preview":"max-video-preview:-1"},"canonical":"https:\/\/www.aplikuj.pl\/cv\/wzory-zyciorysow\/wzor-zyciorysu-dla-absolwenta\/","og_locale":"pl_PL","og_type":"article","og_title":"Wz\u00f3r \u017cyciorysu dla absolwenta - Aplikuj.pl","og_description":"\u017byciorys dla absolwenta \u017byciorys jest to opisowy skr\u00f3t \u017cycia danej osoby. Jest to co\u015b pomi\u0119dzy CV a biografi\u0105. Jest to streszczenie \u017cycia od urodzin do dnia dzisiejszego. W \u017cyciorysie k\u0142adzie si\u0119 mniejszy nacisk na do\u015bwiadczenie zawodowe oraz umiej\u0119tno\u015bci.  Opisuje si\u0119 fakty z \u017cycia wraz datami. W dokumencie musz\u0105 si\u0119 znale\u017a\u0107 informacje o dacie i miejscu urodzenia, rodzinie, wykszta\u0142ceniu, pracy oraz planach na przysz\u0142o\u015b\u0107 i posiadanych cechach szczeg\u00f3lnych. Wz\u00f3r \u017cyciorysu dla absolwenta przygotowano dla os\u00f3b, kt\u00f3re uko\u0144czy\u0142y kszta\u0142cenie na szkole wy\u017cszej.","og_url":"https:\/\/www.aplikuj.pl\/cv\/wzory-zyciorysow\/wzor-zyciorysu-dla-absolwenta\/","og_site_name":"Aplikuj.pl","article_modified_time":"2026-02-22T22:22:10+00:00","og_image":[{"width":482,"height":680,"url":"https:\/\/www.aplikuj.pl\/cv\/wp-content\/uploads\/wz\u00f3r-\u017cyciorysu-dla-absolwenta.png","type":"image\/png"}],"twitter_card":"summary_large_image","schema":{"@context":"https:\/\/schema.org","@graph":[{"@type":"WebPage","@id":"https:\/\/www.aplikuj.pl\/cv\/wzory-zyciorysow\/wzor-zyciorysu-dla-absolwenta\/","url":"https:\/\/www.aplikuj.pl\/cv\/wzory-zyciorysow\/wzor-zyciorysu-dla-absolwenta\/","name":"Wz\u00f3r \u017cyciorysu dla absolwenta - Aplikuj.pl","isPartOf":{"@id":"https:\/\/www.aplikuj.pl\/cv\/#website"},"primaryImageOfPage":{"@id":"https:\/\/www.aplikuj.pl\/cv\/wzory-zyciorysow\/wzor-zyciorysu-dla-absolwenta\/#primaryimage"},"image":{"@id":"https:\/\/www.aplikuj.pl\/cv\/wzory-zyciorysow\/wzor-zyciorysu-dla-absolwenta\/#primaryimage"},"thumbnailUrl":"https:\/\/www.aplikuj.pl\/cv\/wp-content\/uploads\/wz\u00f3r-\u017cyciorysu-dla-absolwenta.png","datePublished":"2019-04-18T11:06:33+00:00","dateModified":"2026-02-22T22:22:10+00:00","breadcrumb":{"@id":"https:\/\/www.aplikuj.pl\/cv\/wzory-zyciorysow\/wzor-zyciorysu-dla-absolwenta\/#breadcrumb"},"inLanguage":"pl-PL","potentialAction":[{"@type":"ReadAction","target":["https:\/\/www.aplikuj.pl\/cv\/wzory-zyciorysow\/wzor-zyciorysu-dla-absolwenta\/"]}]},{"@type":"ImageObject","inLanguage":"pl-PL","@id":"https:\/\/www.aplikuj.pl\/cv\/wzory-zyciorysow\/wzor-zyciorysu-dla-absolwenta\/#primaryimage","url":"https:\/\/www.aplikuj.pl\/cv\/wp-content\/uploads\/wz\u00f3r-\u017cyciorysu-dla-absolwenta.png","contentUrl":"https:\/\/www.aplikuj.pl\/cv\/wp-content\/uploads\/wz\u00f3r-\u017cyciorysu-dla-absolwenta.png","width":482,"height":680},{"@type":"BreadcrumbList","@id":"https:\/\/www.aplikuj.pl\/cv\/wzory-zyciorysow\/wzor-zyciorysu-dla-absolwenta\/#breadcrumb","itemListElement":[{"@type":"ListItem","position":1,"name":"Kreator CV","item":"https:\/\/www.aplikuj.pl\/cv\/"},{"@type":"ListItem","position":2,"name":"wzory-cv","item":"https:\/\/www.aplikuj.pl\/cv\/wzory-cv\/"},{"@type":"ListItem","position":3,"name":"Wzory \u017cyciorys\u00f3w","item":"https:\/\/www.aplikuj.pl\/cv\/wzory-zyciorysow\/"},{"@type":"ListItem","position":4,"name":"Wz\u00f3r \u017cyciorysu dla absolwenta"}]},{"@type":"WebSite","@id":"https:\/\/www.aplikuj.pl\/cv\/#website","url":"https:\/\/www.aplikuj.pl\/cv\/","name":"Aplikuj.pl","description":"Profesjonalne i darmowe wzory CV, list\u00f3w motywacyjnych i poda\u0144 o prac\u0119","publisher":{"@id":"https:\/\/www.aplikuj.pl\/cv\/#organization"},"potentialAction":[{"@type":"SearchAction","target":{"@type":"EntryPoint","urlTemplate":"https:\/\/www.aplikuj.pl\/cv\/?s={search_term_string}"},"query-input":{"@type":"PropertyValueSpecification","valueRequired":true,"valueName":"search_term_string"}}],"inLanguage":"pl-PL"},{"@type":"Organization","@id":"https:\/\/www.aplikuj.pl\/cv\/#organization","name":"Aplikuj.pl","url":"https:\/\/www.aplikuj.pl\/cv\/","logo":{"@type":"ImageObject","inLanguage":"pl-PL","@id":"https:\/\/www.aplikuj.pl\/cv\/#\/schema\/logo\/image\/","url":"https:\/\/www.aplikuj.pl\/cv\/wp-content\/uploads\/2019\/04\/cv-wzory-aplikuj.jpg","contentUrl":"https:\/\/www.aplikuj.pl\/cv\/wp-content\/uploads\/2019\/04\/cv-wzory-aplikuj.jpg","width":180,"height":180,"caption":"Aplikuj.pl"},"image":{"@id":"https:\/\/www.aplikuj.pl\/cv\/#\/schema\/logo\/image\/"}}]}},"_links":{"self":[{"href":"https:\/\/www.aplikuj.pl\/cv\/wp-json\/wp\/v2\/product\/2972","targetHints":{"allow":["GET"]}}],"collection":[{"href":"https:\/\/www.aplikuj.pl\/cv\/wp-json\/wp\/v2\/product"}],"about":[{"href":"https:\/\/www.aplikuj.pl\/cv\/wp-json\/wp\/v2\/types\/product"}],"version-history":[{"count":2,"href":"https:\/\/www.aplikuj.pl\/cv\/wp-json\/wp\/v2\/product\/2972\/revisions"}],"predecessor-version":[{"id":4911,"href":"https:\/\/www.aplikuj.pl\/cv\/wp-json\/wp\/v2\/product\/2972\/revisions\/4911"}],"wp:featuredmedia":[{"embeddable":true,"href":"https:\/\/www.aplikuj.pl\/cv\/wp-json\/wp\/v2\/media\/1346"}],"wp:attachment":[{"href":"https:\/\/www.aplikuj.pl\/cv\/wp-json\/wp\/v2\/media?parent=2972"}],"wp:term":[{"taxonomy":"product_brand","embeddable":true,"href":"https:\/\/www.aplikuj.pl\/cv\/wp-json\/wp\/v2\/product_brand?post=2972"},{"taxonomy":"product_cat","embeddable":true,"href":"https:\/\/www.aplikuj.pl\/cv\/wp-json\/wp\/v2\/product_cat?post=2972"},{"taxonomy":"product_tag","embeddable":true,"href":"https:\/\/www.aplikuj.pl\/cv\/wp-json\/wp\/v2\/product_tag?post=2972"}],"curies":[{"name":"wp","href":"https:\/\/api.w.org\/{rel}","templated":true}]}}