{"id":2925,"date":"2019-04-17T12:41:21","date_gmt":"2019-04-17T10:41:21","guid":{"rendered":"https:\/\/www.aplikuj.pl\/cv\/?post_type=product&#038;p=2925"},"modified":"2026-02-22T23:22:10","modified_gmt":"2026-02-22T22:22:10","slug":"wzor-cv-dla-fryzjera","status":"publish","type":"product","link":"https:\/\/www.aplikuj.pl\/cv\/wzory-cv\/wzor-cv-dla-fryzjera\/","title":{"rendered":"Wz\u00f3r CV dla fryzjera"},"content":{"rendered":"<h2 class=\"et_pb_module_header\">Kreatywne CV dla fryzjera<\/h2>\n<p>Zaw\u00f3d fryzjer to nie tylko rutynowe strzy\u017cenie czy koloryzacja. Najbardziej doceniani w bran\u017cy s\u0105 fryzjerzy, kt\u00f3rzy kreatywnie i indywidualnie podchodz\u0105 do swoich obowi\u0105zk\u00f3w, czyni\u0105c z pracy prawdziw\u0105 pasj\u0119, kt\u00f3ra przek\u0142ada si\u0119 na zadowolenie klient\u00f3w. Pracodawca, poszukuj\u0105cy pracownika, by\u0142by zdecydowanie usatysfakcjonowany, gdyby uda\u0142o mu si\u0119 znale\u017a\u0107 osob\u0119 z pasj\u0105, kreatywn\u0105 i lubi\u0105c\u0105 wyzwania. Aby pracodawca m\u00f3g\u0142 tak\u0105 osob\u0119 znale\u017a\u0107, kandydat powinien wyr\u00f3\u017cni\u0107 si\u0119 za pomoc\u0105 ciekawego CV.<\/p>\n<h3>Jak stworzy\u0107 kreatywne CV fryzjera?<\/h3>\n<p>Projektuj\u0105c Curriculum Vitae, nale\u017cy trzyma\u0107 si\u0119 pewnych, ustalonych regu\u0142, kt\u00f3re odnosz\u0105 si\u0119 do ka\u017cdego dokumentu tego typu. Fundamentalne punkty musz\u0105 by\u0107 zachowane, warto jednak poeksperymentowa\u0107 w innych kwestiach, aby zwr\u00f3ci\u0107 na siebie uwag\u0119 i pozytywnie zainteresowa\u0107 pracodawc\u0119 swoj\u0105 osob\u0105. Dane osobowe i teleadresowe powinny otwiera\u0107 dokument estetyczn\u0105 i przejrzyst\u0105 form\u0105 z wyra\u017anie zaakcentowanym imieniem i nazwiskiem. W zawodzie fryzjera zadbany wygl\u0105d oraz w\u0142osy w nienagannej kondycji s\u0105 wizyt\u00f3wk\u0105 danego salonu, warto wi\u0119c pochwali\u0107 si\u0119 zdj\u0119ciem, kt\u00f3re w niewyzywaj\u0105cy spos\u00f3b podkre\u015bla atuty prezencji kandydata. Forma CV fryzjera powinna by\u0107 ciekawa pod wzgl\u0119dem og\u00f3lnego charakteru dokumentu, aby zwraca\u0142a uwag\u0119 i wyr\u00f3\u017cnia\u0142a si\u0119 na tle pozosta\u0142ych zg\u0142osze\u0144.<\/p>\n<h3>Istotne elementy, kt\u00f3re skupi\u0105 uwag\u0119 pracodawcy:<\/h3>\n<p>Zamieszczenie pod danymi osobowymi oraz zdj\u0119ciem kr\u00f3tkiego opisu swoich cech, umiej\u0119tno\u015bci, dopasowanych do oferowanego stanowiska, pozwoli pracodawcy ju\u017c na pocz\u0105tku zainteresowa\u0107 si\u0119 profilem kandydata. Je\u015bli aplikujesz na stanowisko koloryzatora, warto zaznaczy\u0107 swoje do\u015bwiadczenie dok\u0142adnie w tym dziale fryzjerstwa.<br \/>\nAby wykaza\u0107 si\u0119 kreatywno\u015bci\u0105 w tworzeniu CV, warto w ciekawy spos\u00f3b pochwali\u0107 si\u0119 odbytymi kursami i do\u015bwiadczeniem. Najwa\u017cniejsze w tym zawodzie s\u0105 umiej\u0119tno\u015bci, dlatego zaraz po kr\u00f3tkim streszczeniu swojej kandydatury, warto wspomnie\u0107 o tym, jakie czynno\u015bci mamy opanowane dzi\u0119ki wcze\u015bniejszemu zatrudnieniu lub praktyce. Nale\u017cy zachowa\u0107 prawdom\u00f3wno\u015b\u0107, kt\u00f3ra \u0142atwo zostanie zweryfikowana w pracy. Szkolenia i kursy mo\u017cna wpisa\u0107, je\u015bli odby\u0142y si\u0119 w niedalekiej przesz\u0142o\u015bci i wyznaczaj\u0105 obowi\u0105zuj\u0105ce trendy we fryzjerstwie. Przestarza\u0142e szkolenia warto zachowa\u0107 dla swojej informacji.<\/p>\n<h3>Jakie cechy wyr\u00f3\u017cni\u0105 Ci\u0119 na tle konkurencji?<\/h3>\n<p>Ci\u0105g\u0142e zmiany w obowi\u0105zuj\u0105cej modzie stylizacji fryzur wymuszaj\u0105 nieustanne doszkalanie si\u0119 w zawodzie oraz praktyk\u0119, warto wi\u0119c w kreatywny spos\u00f3b wyrazi\u0107 ch\u0119\u0107 ci\u0105g\u0142ego zg\u0142\u0119biania swojej wiedzy, umiej\u0119tno\u015bci i rozwoju zawodowego. Uj\u0119te w CV do\u015bwiadczenie i umiej\u0119tno\u015bci b\u0119d\u0105 istotn\u0105 podpowiedzi\u0105 przy wyborze pracownika. Warto wi\u0119c zaakcentowa\u0107 w CV \u015bwiadomo\u015b\u0107 w\u0142asnej warto\u015bci i pewno\u015b\u0107 siebie, kt\u00f3re pozwol\u0105 doradzi\u0107 klientom, upewni\u0107 ich w decyzji o stylizacji fryzury oraz zaufa\u0107 Twojej wiedzy i opinii. Pewno\u015b\u0107 siebie, wa\u017cna na co dzie\u0144, nie\u0142atwa do przedstawienia w CV mo\u017ce by\u0107 uj\u0119ta w postaci kr\u00f3tkich, konkretnych informacji oraz u\u017cywania pierwszej osoby przy wymienianiu umiej\u0119tno\u015bci. Pracodawca mimowolnie zaufa Twojej silnej osobowo\u015bci.<\/p>\n","protected":false},"excerpt":{"rendered":"<h2>CV fryzjer<\/h2>\n<p>Dokument zosta\u0142 opracowany z my\u015bl\u0105 o osobach, kt\u00f3re poszukuj\u0105 pracy w zawodzie fryzjera.<\/p>\n<p>Wz\u00f3r CV przygotowano w nowoczesnym i funkcjonalnym szablonie graficznym widocznym na zdj\u0119ciu obok.<\/p>\n<p>Wz\u00f3r CV nale\u017cy samodzielnie edytowa\u0107 w programie MS Word, ewentualnie w innym darmowym programie (Open Office lub Libre Office). Edycja dokumentu jest prosta i nie wymaga szczeg\u00f3lnych umiej\u0119tno\u015bci edytorskich.<\/p>\n","protected":false},"featured_media":1406,"template":"","meta":[],"product_brand":[],"product_cat":[21],"product_tag":[],"class_list":{"0":"post-2925","1":"product","2":"type-product","3":"status-publish","4":"has-post-thumbnail","6":"product_cat-wzory-cv","8":"first","9":"instock","10":"shipping-taxable","11":"product-type-external"},"yoast_head":"<!-- This site is optimized with the Yoast SEO plugin v27.0 - https:\/\/yoast.com\/product\/yoast-seo-wordpress\/ -->\n<title>Wz\u00f3r CV dla fryzjera - Aplikuj.pl<\/title>\n<meta name=\"robots\" content=\"index, follow, max-snippet:-1, max-image-preview:large, max-video-preview:-1\" \/>\n<link rel=\"canonical\" href=\"https:\/\/www.aplikuj.pl\/cv\/wzory-cv\/wzor-cv-dla-fryzjera\/\" \/>\n<meta property=\"og:locale\" content=\"pl_PL\" \/>\n<meta property=\"og:type\" content=\"article\" \/>\n<meta property=\"og:title\" content=\"Wz\u00f3r CV dla fryzjera - Aplikuj.pl\" \/>\n<meta property=\"og:description\" content=\"CV fryzjer Dokument zosta\u0142 opracowany z my\u015bl\u0105 o osobach, kt\u00f3re poszukuj\u0105 pracy w zawodzie fryzjera.  Wz\u00f3r CV przygotowano w nowoczesnym i funkcjonalnym szablonie graficznym widocznym na zdj\u0119ciu obok.  Wz\u00f3r CV nale\u017cy samodzielnie edytowa\u0107 w programie MS Word, ewentualnie w innym darmowym programie (Open Office lub Libre Office). Edycja dokumentu jest prosta i nie wymaga szczeg\u00f3lnych umiej\u0119tno\u015bci edytorskich.\" \/>\n<meta property=\"og:url\" content=\"https:\/\/www.aplikuj.pl\/cv\/wzory-cv\/wzor-cv-dla-fryzjera\/\" \/>\n<meta property=\"og:site_name\" content=\"Aplikuj.pl\" \/>\n<meta property=\"article:modified_time\" content=\"2026-02-22T22:22:10+00:00\" \/>\n<meta property=\"og:image\" content=\"https:\/\/www.aplikuj.pl\/cv\/wp-content\/uploads\/wz\u00f3r-cv-fryzjer.png\" \/>\n\t<meta property=\"og:image:width\" content=\"482\" \/>\n\t<meta property=\"og:image:height\" content=\"680\" \/>\n\t<meta property=\"og:image:type\" content=\"image\/png\" \/>\n<meta name=\"twitter:card\" content=\"summary_large_image\" \/>\n<meta name=\"twitter:label1\" content=\"Szacowany czas czytania\" \/>\n\t<meta name=\"twitter:data1\" content=\"3 minuty\" \/>\n<script type=\"application\/ld+json\" class=\"yoast-schema-graph\">{\"@context\":\"https:\/\/schema.org\",\"@graph\":[{\"@type\":\"WebPage\",\"@id\":\"https:\/\/www.aplikuj.pl\/cv\/wzory-cv\/wzor-cv-dla-fryzjera\/\",\"url\":\"https:\/\/www.aplikuj.pl\/cv\/wzory-cv\/wzor-cv-dla-fryzjera\/\",\"name\":\"Wz\u00f3r CV dla fryzjera - Aplikuj.pl\",\"isPartOf\":{\"@id\":\"https:\/\/www.aplikuj.pl\/cv\/#website\"},\"primaryImageOfPage\":{\"@id\":\"https:\/\/www.aplikuj.pl\/cv\/wzory-cv\/wzor-cv-dla-fryzjera\/#primaryimage\"},\"image\":{\"@id\":\"https:\/\/www.aplikuj.pl\/cv\/wzory-cv\/wzor-cv-dla-fryzjera\/#primaryimage\"},\"thumbnailUrl\":\"https:\/\/www.aplikuj.pl\/cv\/wp-content\/uploads\/wz\u00f3r-cv-fryzjer.png\",\"datePublished\":\"2019-04-17T10:41:21+00:00\",\"dateModified\":\"2026-02-22T22:22:10+00:00\",\"breadcrumb\":{\"@id\":\"https:\/\/www.aplikuj.pl\/cv\/wzory-cv\/wzor-cv-dla-fryzjera\/#breadcrumb\"},\"inLanguage\":\"pl-PL\",\"potentialAction\":[{\"@type\":\"ReadAction\",\"target\":[\"https:\/\/www.aplikuj.pl\/cv\/wzory-cv\/wzor-cv-dla-fryzjera\/\"]}]},{\"@type\":\"ImageObject\",\"inLanguage\":\"pl-PL\",\"@id\":\"https:\/\/www.aplikuj.pl\/cv\/wzory-cv\/wzor-cv-dla-fryzjera\/#primaryimage\",\"url\":\"https:\/\/www.aplikuj.pl\/cv\/wp-content\/uploads\/wz\u00f3r-cv-fryzjer.png\",\"contentUrl\":\"https:\/\/www.aplikuj.pl\/cv\/wp-content\/uploads\/wz\u00f3r-cv-fryzjer.png\",\"width\":482,\"height\":680},{\"@type\":\"BreadcrumbList\",\"@id\":\"https:\/\/www.aplikuj.pl\/cv\/wzory-cv\/wzor-cv-dla-fryzjera\/#breadcrumb\",\"itemListElement\":[{\"@type\":\"ListItem\",\"position\":1,\"name\":\"Kreator CV\",\"item\":\"https:\/\/www.aplikuj.pl\/cv\/\"},{\"@type\":\"ListItem\",\"position\":2,\"name\":\"wzory-cv\",\"item\":\"https:\/\/www.aplikuj.pl\/cv\/wzory-cv\/\"},{\"@type\":\"ListItem\",\"position\":3,\"name\":\"Wzory CV\",\"item\":\"https:\/\/www.aplikuj.pl\/cv\/wzory-cv\/\"},{\"@type\":\"ListItem\",\"position\":4,\"name\":\"Wz\u00f3r CV dla fryzjera\"}]},{\"@type\":\"WebSite\",\"@id\":\"https:\/\/www.aplikuj.pl\/cv\/#website\",\"url\":\"https:\/\/www.aplikuj.pl\/cv\/\",\"name\":\"Aplikuj.pl\",\"description\":\"Profesjonalne i darmowe wzory CV, list\u00f3w motywacyjnych i poda\u0144 o prac\u0119\",\"publisher\":{\"@id\":\"https:\/\/www.aplikuj.pl\/cv\/#organization\"},\"potentialAction\":[{\"@type\":\"SearchAction\",\"target\":{\"@type\":\"EntryPoint\",\"urlTemplate\":\"https:\/\/www.aplikuj.pl\/cv\/?s={search_term_string}\"},\"query-input\":{\"@type\":\"PropertyValueSpecification\",\"valueRequired\":true,\"valueName\":\"search_term_string\"}}],\"inLanguage\":\"pl-PL\"},{\"@type\":\"Organization\",\"@id\":\"https:\/\/www.aplikuj.pl\/cv\/#organization\",\"name\":\"Aplikuj.pl\",\"url\":\"https:\/\/www.aplikuj.pl\/cv\/\",\"logo\":{\"@type\":\"ImageObject\",\"inLanguage\":\"pl-PL\",\"@id\":\"https:\/\/www.aplikuj.pl\/cv\/#\/schema\/logo\/image\/\",\"url\":\"https:\/\/www.aplikuj.pl\/cv\/wp-content\/uploads\/2019\/04\/cv-wzory-aplikuj.jpg\",\"contentUrl\":\"https:\/\/www.aplikuj.pl\/cv\/wp-content\/uploads\/2019\/04\/cv-wzory-aplikuj.jpg\",\"width\":180,\"height\":180,\"caption\":\"Aplikuj.pl\"},\"image\":{\"@id\":\"https:\/\/www.aplikuj.pl\/cv\/#\/schema\/logo\/image\/\"}}]}<\/script>\n<!-- \/ Yoast SEO plugin. -->","yoast_head_json":{"title":"Wz\u00f3r CV dla fryzjera - Aplikuj.pl","robots":{"index":"index","follow":"follow","max-snippet":"max-snippet:-1","max-image-preview":"max-image-preview:large","max-video-preview":"max-video-preview:-1"},"canonical":"https:\/\/www.aplikuj.pl\/cv\/wzory-cv\/wzor-cv-dla-fryzjera\/","og_locale":"pl_PL","og_type":"article","og_title":"Wz\u00f3r CV dla fryzjera - Aplikuj.pl","og_description":"CV fryzjer Dokument zosta\u0142 opracowany z my\u015bl\u0105 o osobach, kt\u00f3re poszukuj\u0105 pracy w zawodzie fryzjera.  Wz\u00f3r CV przygotowano w nowoczesnym i funkcjonalnym szablonie graficznym widocznym na zdj\u0119ciu obok.  Wz\u00f3r CV nale\u017cy samodzielnie edytowa\u0107 w programie MS Word, ewentualnie w innym darmowym programie (Open Office lub Libre Office). Edycja dokumentu jest prosta i nie wymaga szczeg\u00f3lnych umiej\u0119tno\u015bci edytorskich.","og_url":"https:\/\/www.aplikuj.pl\/cv\/wzory-cv\/wzor-cv-dla-fryzjera\/","og_site_name":"Aplikuj.pl","article_modified_time":"2026-02-22T22:22:10+00:00","og_image":[{"width":482,"height":680,"url":"https:\/\/www.aplikuj.pl\/cv\/wp-content\/uploads\/wz\u00f3r-cv-fryzjer.png","type":"image\/png"}],"twitter_card":"summary_large_image","twitter_misc":{"Szacowany czas czytania":"3 minuty"},"schema":{"@context":"https:\/\/schema.org","@graph":[{"@type":"WebPage","@id":"https:\/\/www.aplikuj.pl\/cv\/wzory-cv\/wzor-cv-dla-fryzjera\/","url":"https:\/\/www.aplikuj.pl\/cv\/wzory-cv\/wzor-cv-dla-fryzjera\/","name":"Wz\u00f3r CV dla fryzjera - Aplikuj.pl","isPartOf":{"@id":"https:\/\/www.aplikuj.pl\/cv\/#website"},"primaryImageOfPage":{"@id":"https:\/\/www.aplikuj.pl\/cv\/wzory-cv\/wzor-cv-dla-fryzjera\/#primaryimage"},"image":{"@id":"https:\/\/www.aplikuj.pl\/cv\/wzory-cv\/wzor-cv-dla-fryzjera\/#primaryimage"},"thumbnailUrl":"https:\/\/www.aplikuj.pl\/cv\/wp-content\/uploads\/wz\u00f3r-cv-fryzjer.png","datePublished":"2019-04-17T10:41:21+00:00","dateModified":"2026-02-22T22:22:10+00:00","breadcrumb":{"@id":"https:\/\/www.aplikuj.pl\/cv\/wzory-cv\/wzor-cv-dla-fryzjera\/#breadcrumb"},"inLanguage":"pl-PL","potentialAction":[{"@type":"ReadAction","target":["https:\/\/www.aplikuj.pl\/cv\/wzory-cv\/wzor-cv-dla-fryzjera\/"]}]},{"@type":"ImageObject","inLanguage":"pl-PL","@id":"https:\/\/www.aplikuj.pl\/cv\/wzory-cv\/wzor-cv-dla-fryzjera\/#primaryimage","url":"https:\/\/www.aplikuj.pl\/cv\/wp-content\/uploads\/wz\u00f3r-cv-fryzjer.png","contentUrl":"https:\/\/www.aplikuj.pl\/cv\/wp-content\/uploads\/wz\u00f3r-cv-fryzjer.png","width":482,"height":680},{"@type":"BreadcrumbList","@id":"https:\/\/www.aplikuj.pl\/cv\/wzory-cv\/wzor-cv-dla-fryzjera\/#breadcrumb","itemListElement":[{"@type":"ListItem","position":1,"name":"Kreator CV","item":"https:\/\/www.aplikuj.pl\/cv\/"},{"@type":"ListItem","position":2,"name":"wzory-cv","item":"https:\/\/www.aplikuj.pl\/cv\/wzory-cv\/"},{"@type":"ListItem","position":3,"name":"Wzory CV","item":"https:\/\/www.aplikuj.pl\/cv\/wzory-cv\/"},{"@type":"ListItem","position":4,"name":"Wz\u00f3r CV dla fryzjera"}]},{"@type":"WebSite","@id":"https:\/\/www.aplikuj.pl\/cv\/#website","url":"https:\/\/www.aplikuj.pl\/cv\/","name":"Aplikuj.pl","description":"Profesjonalne i darmowe wzory CV, list\u00f3w motywacyjnych i poda\u0144 o prac\u0119","publisher":{"@id":"https:\/\/www.aplikuj.pl\/cv\/#organization"},"potentialAction":[{"@type":"SearchAction","target":{"@type":"EntryPoint","urlTemplate":"https:\/\/www.aplikuj.pl\/cv\/?s={search_term_string}"},"query-input":{"@type":"PropertyValueSpecification","valueRequired":true,"valueName":"search_term_string"}}],"inLanguage":"pl-PL"},{"@type":"Organization","@id":"https:\/\/www.aplikuj.pl\/cv\/#organization","name":"Aplikuj.pl","url":"https:\/\/www.aplikuj.pl\/cv\/","logo":{"@type":"ImageObject","inLanguage":"pl-PL","@id":"https:\/\/www.aplikuj.pl\/cv\/#\/schema\/logo\/image\/","url":"https:\/\/www.aplikuj.pl\/cv\/wp-content\/uploads\/2019\/04\/cv-wzory-aplikuj.jpg","contentUrl":"https:\/\/www.aplikuj.pl\/cv\/wp-content\/uploads\/2019\/04\/cv-wzory-aplikuj.jpg","width":180,"height":180,"caption":"Aplikuj.pl"},"image":{"@id":"https:\/\/www.aplikuj.pl\/cv\/#\/schema\/logo\/image\/"}}]}},"_links":{"self":[{"href":"https:\/\/www.aplikuj.pl\/cv\/wp-json\/wp\/v2\/product\/2925","targetHints":{"allow":["GET"]}}],"collection":[{"href":"https:\/\/www.aplikuj.pl\/cv\/wp-json\/wp\/v2\/product"}],"about":[{"href":"https:\/\/www.aplikuj.pl\/cv\/wp-json\/wp\/v2\/types\/product"}],"version-history":[{"count":2,"href":"https:\/\/www.aplikuj.pl\/cv\/wp-json\/wp\/v2\/product\/2925\/revisions"}],"predecessor-version":[{"id":4903,"href":"https:\/\/www.aplikuj.pl\/cv\/wp-json\/wp\/v2\/product\/2925\/revisions\/4903"}],"wp:featuredmedia":[{"embeddable":true,"href":"https:\/\/www.aplikuj.pl\/cv\/wp-json\/wp\/v2\/media\/1406"}],"wp:attachment":[{"href":"https:\/\/www.aplikuj.pl\/cv\/wp-json\/wp\/v2\/media?parent=2925"}],"wp:term":[{"taxonomy":"product_brand","embeddable":true,"href":"https:\/\/www.aplikuj.pl\/cv\/wp-json\/wp\/v2\/product_brand?post=2925"},{"taxonomy":"product_cat","embeddable":true,"href":"https:\/\/www.aplikuj.pl\/cv\/wp-json\/wp\/v2\/product_cat?post=2925"},{"taxonomy":"product_tag","embeddable":true,"href":"https:\/\/www.aplikuj.pl\/cv\/wp-json\/wp\/v2\/product_tag?post=2925"}],"curies":[{"name":"wp","href":"https:\/\/api.w.org\/{rel}","templated":true}]}}